{"id":1215,"date":"2014-10-14T19:30:13","date_gmt":"2014-10-14T19:30:13","guid":{"rendered":"http:\/\/www.hsfamericana.com.br\/?page_id=1215"},"modified":"2022-05-23T12:42:43","modified_gmt":"2022-05-23T12:42:43","slug":"contato","status":"publish","type":"page","link":"https:\/\/hsfamericana.com.br\/index.php\/contato\/","title":{"rendered":"Contato"},"content":{"rendered":"<h2><strong style=\"color: #0072bc;\">Adquira j\u00e1 seu plano de sa\u00fade<\/strong><\/h2>\n<section class=\"dnd_section_dd \" style=\"\">\n\t\t\n\t\t<div class=\"dnd_section_content\"><div class=\"dnd_container\">\n<div class=\"dnd_column_dd_span6 col6 last\">\n\n<div class=\"wpcf7 no-js\" id=\"wpcf7-f1217-o1\" lang=\"pt-BR\" dir=\"ltr\" data-wpcf7-id=\"1217\">\n<div class=\"screen-reader-response\"><p role=\"status\" aria-live=\"polite\" aria-atomic=\"true\"><\/p> <ul><\/ul><\/div>\n<form action=\"\/index.php\/wp-json\/wp\/v2\/pages\/1215#wpcf7-f1217-o1\" method=\"post\" class=\"wpcf7-form init\" aria-label=\"Formul\u00e1rios de contato\" novalidate=\"novalidate\" data-status=\"init\">\n<div style=\"display: none;\">\n<input type=\"hidden\" name=\"_wpcf7\" value=\"1217\" \/>\n<input type=\"hidden\" name=\"_wpcf7_version\" value=\"6.0.6\" \/>\n<input type=\"hidden\" name=\"_wpcf7_locale\" value=\"pt_BR\" \/>\n<input type=\"hidden\" name=\"_wpcf7_unit_tag\" value=\"wpcf7-f1217-o1\" \/>\n<input type=\"hidden\" name=\"_wpcf7_container_post\" value=\"0\" \/>\n<input type=\"hidden\" name=\"_wpcf7_posted_data_hash\" value=\"\" \/>\n<\/div>\n<p>Seu nome (obrigat\u00f3rio)\n<\/p>\n<p><span class=\"wpcf7-form-control-wrap\" data-name=\"your-name\"><input size=\"40\" maxlength=\"400\" class=\"wpcf7-form-control wpcf7-text wpcf7-validates-as-required tudo\" aria-required=\"true\" aria-invalid=\"false\" value=\"\" type=\"text\" name=\"your-name\" \/><\/span>\n<\/p>\n<p>Seu e-mail (obrigat\u00f3rio)\n<\/p>\n<p><span class=\"wpcf7-form-control-wrap\" data-name=\"your-email\"><input size=\"40\" maxlength=\"400\" class=\"wpcf7-form-control wpcf7-email wpcf7-validates-as-required wpcf7-text wpcf7-validates-as-email tudo\" aria-required=\"true\" aria-invalid=\"false\" value=\"\" type=\"email\" name=\"your-email\" \/><\/span>\n<\/p>\n<p>Telefone (obrigat\u00f3rio)\n<\/p>\n<p><span class=\"wpcf7-form-control-wrap\" data-name=\"telefone\"><input size=\"40\" maxlength=\"400\" class=\"wpcf7-form-control wpcf7-text wpcf7-validates-as-required tudo\" aria-required=\"true\" aria-invalid=\"false\" value=\"\" type=\"text\" name=\"telefone\" \/><\/span>\n<\/p>\n<p>Endere\u00e7o\n<\/p>\n<p><span class=\"wpcf7-form-control-wrap\" data-name=\"text-408\"><input size=\"40\" maxlength=\"400\" class=\"wpcf7-form-control wpcf7-text tudo\" aria-invalid=\"false\" value=\"\" type=\"text\" name=\"text-408\" \/><\/span>\n<\/p>\n<p>Cidade\n<\/p>\n<p><span class=\"wpcf7-form-control-wrap\" data-name=\"text-409\"><input size=\"40\" maxlength=\"400\" class=\"wpcf7-form-control wpcf7-text tudo\" aria-invalid=\"false\" value=\"\" type=\"text\" name=\"text-409\" \/><\/span>\n<\/p>\n<p class=\"divisao2\">08 a 18 anos\n<\/p>\n<p><span class=\"wpcf7-form-control-wrap\" data-name=\"text-410\"><input size=\"40\" maxlength=\"400\" class=\"wpcf7-form-control wpcf7-text tudo\" aria-invalid=\"false\" value=\"\" type=\"text\" name=\"text-410\" \/><\/span>\n<\/p>\n<p class=\"divisao2\">19 a 23 anos\n<\/p>\n<p><span class=\"wpcf7-form-control-wrap\" data-name=\"text-411\"><input size=\"40\" maxlength=\"400\" class=\"wpcf7-form-control wpcf7-text tudo\" aria-invalid=\"false\" value=\"\" type=\"text\" name=\"text-411\" \/><\/span>\n<\/p>\n<p class=\"divisao2\">24 a 28 anos\n<\/p>\n<p><span class=\"wpcf7-form-control-wrap\" data-name=\"text-412\"><input size=\"40\" maxlength=\"400\" class=\"wpcf7-form-control wpcf7-text tudo\" aria-invalid=\"false\" value=\"\" type=\"text\" name=\"text-412\" \/><\/span>\n<\/p>\n<p class=\"divisao2\">29 a 33 anos\n<\/p>\n<p><span class=\"wpcf7-form-control-wrap\" data-name=\"text-413\"><input size=\"40\" maxlength=\"400\" class=\"wpcf7-form-control wpcf7-text tudo\" aria-invalid=\"false\" value=\"\" type=\"text\" name=\"text-413\" \/><\/span>\n<\/p>\n<p class=\"divisao2\">34 a 38 anos\n<\/p>\n<p><span class=\"wpcf7-form-control-wrap\" data-name=\"text-414\"><input size=\"40\" maxlength=\"400\" class=\"wpcf7-form-control wpcf7-text tudo\" aria-invalid=\"false\" value=\"\" type=\"text\" name=\"text-414\" \/><\/span>\n<\/p>\n<p class=\"divisao2\">39 a 43 anos\n<\/p>\n<p><span class=\"wpcf7-form-control-wrap\" data-name=\"text-415\"><input size=\"40\" maxlength=\"400\" class=\"wpcf7-form-control wpcf7-text tudo\" aria-invalid=\"false\" value=\"\" type=\"text\" name=\"text-415\" \/><\/span>\n<\/p>\n<p class=\"divisao2\">44 a 48 anos\n<\/p>\n<p><span class=\"wpcf7-form-control-wrap\" data-name=\"text-416\"><input size=\"40\" maxlength=\"400\" class=\"wpcf7-form-control wpcf7-text tudo\" aria-invalid=\"false\" value=\"\" type=\"text\" name=\"text-416\" \/><\/span>\n<\/p>\n<p class=\"divisao2\">49 a 53 anos\n<\/p>\n<p><span class=\"wpcf7-form-control-wrap\" data-name=\"text-417\"><input size=\"40\" maxlength=\"400\" class=\"wpcf7-form-control wpcf7-text tudo\" aria-invalid=\"false\" value=\"\" type=\"text\" name=\"text-417\" \/><\/span>\n<\/p>\n<p class=\"divisao2\">54 a 58 anos\n<\/p>\n<p><span class=\"wpcf7-form-control-wrap\" data-name=\"text-418\"><input size=\"40\" maxlength=\"400\" class=\"wpcf7-form-control wpcf7-text tudo\" aria-invalid=\"false\" value=\"\" type=\"text\" name=\"text-418\" \/><\/span>\n<\/p>\n<p class=\"divisao2\">59 ou +\n<\/p>\n<p><span class=\"wpcf7-form-control-wrap\" data-name=\"text-419\"><input size=\"40\" maxlength=\"400\" class=\"wpcf7-form-control wpcf7-text tudo\" aria-invalid=\"false\" value=\"\" type=\"text\" name=\"text-419\" \/><\/span>\n<\/p>\n<div class=\"clear\">\n<\/div>\n<p>OBS\n<\/p>\n<p><span class=\"wpcf7-form-control-wrap\" data-name=\"your-message\"><textarea cols=\"40\" rows=\"10\" maxlength=\"2000\" class=\"wpcf7-form-control wpcf7-textarea msg\" aria-invalid=\"false\" name=\"your-message\"><\/textarea><\/span>\n<\/p>\n<p><br \/>\n<span class=\"wpcf7-form-control-wrap\" data-name=\"acceptance\"><span class=\"wpcf7-form-control wpcf7-acceptance\"><span class=\"wpcf7-list-item\"><input type=\"checkbox\" name=\"acceptance\" value=\"1\" aria-invalid=\"false\" \/><\/span><\/span><\/span> Nosso website faz uso de cookies para personalizar e melhorar a sua experi\u00eancia. Para mais informa\u00e7\u00f5es,<br \/>\nacesse nossa <a href=https:\/\/www.hsfamericana.com.br\/index.php\/politica-de-privacidade\/ target=_blank>Pol\u00edtica de Privacidade.<\/a> Ao continuar navegando, voc\u00ea consente com a utiliza\u00e7\u00e3o de cookies.\n<\/p>\n<p>[recaptcha]\n<\/p>\n<p><input class=\"wpcf7-form-control wpcf7-submit has-spinner btn\" type=\"submit\" value=\"Enviar\" \/>\n<\/p><div class=\"wpcf7-response-output\" aria-hidden=\"true\"><\/div>\n<\/form>\n<\/div>\n\n<\/div>\n<div class=\"dnd_column_dd_span6 col6\">\n<p>Solicite a visita de um representante preenchendo as informa\u00e7\u00f5es.<\/p>\n<p>Caso deseje entre em contato com a central de atendimento: 3462.9494<\/p>\n<p>&nbsp;<\/p>\n<div class=\"imagem2\"><\/div>\n<p>&nbsp;<\/p>\n<\/div>\n<\/div><\/div>\n\t\t\n\t\t\n\t<\/section>\n","protected":false},"excerpt":{"rendered":"<p>Adquira j\u00e1 seu plano de sa\u00fade<\/p>\n","protected":false},"author":2,"featured_media":0,"parent":0,"menu_order":0,"comment_status":"open","ping_status":"closed","template":"padrao.php","meta":{"_acf_changed":false,"footnotes":""},"class_list":["post-1215","page","type-page","status-publish","hentry"],"acf":[],"yoast_head":"<!-- This site is optimized with the Yoast SEO plugin v25.2 - https:\/\/yoast.com\/wordpress\/plugins\/seo\/ -->\n<title>D\u00favidas e sugest\u00f5es \u2022 Hospital S\u00e3o Francisco<\/title>\n<meta name=\"description\" content=\"D\u00favidas e sugest\u00f5es \u2022 Hospital S\u00e3o Francisco, HSF Americana, Hospital Americana, Americana, Hospital S\u00e3o Francisco, Banco de Sangue, Urologia, T\u00f3rax...\" \/>\n<meta name=\"robots\" content=\"index, follow, max-snippet:-1, max-image-preview:large, max-video-preview:-1\" \/>\n<link rel=\"canonical\" href=\"https:\/\/hsfamericana.com.br\/index.php\/contato\/\" \/>\n<meta property=\"og:locale\" content=\"pt_BR\" \/>\n<meta property=\"og:type\" content=\"article\" \/>\n<meta property=\"og:title\" content=\"D\u00favidas e sugest\u00f5es \u2022 Hospital S\u00e3o Francisco\" \/>\n<meta property=\"og:description\" content=\"D\u00favidas e sugest\u00f5es \u2022 Hospital S\u00e3o Francisco, HSF Americana, Hospital Americana, Americana, Hospital S\u00e3o Francisco, Banco de Sangue, Urologia, T\u00f3rax...\" \/>\n<meta property=\"og:url\" content=\"https:\/\/hsfamericana.com.br\/index.php\/contato\/\" \/>\n<meta property=\"og:site_name\" content=\"Hospital S\u00e3o Francisco de Americana\" \/>\n<meta property=\"article:modified_time\" content=\"2022-05-23T12:42:43+00:00\" \/>\n<script type=\"application\/ld+json\" class=\"yoast-schema-graph\">{\"@context\":\"https:\/\/schema.org\",\"@graph\":[{\"@type\":\"WebPage\",\"@id\":\"https:\/\/hsfamericana.com.br\/index.php\/contato\/\",\"url\":\"https:\/\/hsfamericana.com.br\/index.php\/contato\/\",\"name\":\"D\u00favidas e sugest\u00f5es \u2022 Hospital S\u00e3o Francisco\",\"isPartOf\":{\"@id\":\"https:\/\/hsfamericana.com.br\/#website\"},\"datePublished\":\"2014-10-14T19:30:13+00:00\",\"dateModified\":\"2022-05-23T12:42:43+00:00\",\"description\":\"D\u00favidas e sugest\u00f5es \u2022 Hospital S\u00e3o Francisco, HSF Americana, Hospital Americana, Americana, Hospital S\u00e3o Francisco, Banco de Sangue, Urologia, T\u00f3rax...\",\"breadcrumb\":{\"@id\":\"https:\/\/hsfamericana.com.br\/index.php\/contato\/#breadcrumb\"},\"inLanguage\":\"pt-BR\",\"potentialAction\":[{\"@type\":\"ReadAction\",\"target\":[\"https:\/\/hsfamericana.com.br\/index.php\/contato\/\"]}]},{\"@type\":\"BreadcrumbList\",\"@id\":\"https:\/\/hsfamericana.com.br\/index.php\/contato\/#breadcrumb\",\"itemListElement\":[{\"@type\":\"ListItem\",\"position\":1,\"name\":\"In\u00edcio\",\"item\":\"https:\/\/hsfamericana.com.br\/\"},{\"@type\":\"ListItem\",\"position\":2,\"name\":\"Contato\"}]},{\"@type\":\"WebSite\",\"@id\":\"https:\/\/hsfamericana.com.br\/#website\",\"url\":\"https:\/\/hsfamericana.com.br\/\",\"name\":\"Hospital S\u00e3o Francisco de Americana\",\"description\":\"O mais completo da regi\u00e3o de Campinas\",\"potentialAction\":[{\"@type\":\"SearchAction\",\"target\":{\"@type\":\"EntryPoint\",\"urlTemplate\":\"https:\/\/hsfamericana.com.br\/?s={search_term_string}\"},\"query-input\":{\"@type\":\"PropertyValueSpecification\",\"valueRequired\":true,\"valueName\":\"search_term_string\"}}],\"inLanguage\":\"pt-BR\"}]}<\/script>\n<!-- \/ Yoast SEO plugin. -->","yoast_head_json":{"title":"D\u00favidas e sugest\u00f5es \u2022 Hospital S\u00e3o Francisco","description":"D\u00favidas e sugest\u00f5es \u2022 Hospital S\u00e3o Francisco, HSF Americana, Hospital Americana, Americana, Hospital S\u00e3o Francisco, Banco de Sangue, Urologia, T\u00f3rax...","robots":{"index":"index","follow":"follow","max-snippet":"max-snippet:-1","max-image-preview":"max-image-preview:large","max-video-preview":"max-video-preview:-1"},"canonical":"https:\/\/hsfamericana.com.br\/index.php\/contato\/","og_locale":"pt_BR","og_type":"article","og_title":"D\u00favidas e sugest\u00f5es \u2022 Hospital S\u00e3o Francisco","og_description":"D\u00favidas e sugest\u00f5es \u2022 Hospital S\u00e3o Francisco, HSF Americana, Hospital Americana, Americana, Hospital S\u00e3o Francisco, Banco de Sangue, Urologia, T\u00f3rax...","og_url":"https:\/\/hsfamericana.com.br\/index.php\/contato\/","og_site_name":"Hospital S\u00e3o Francisco de Americana","article_modified_time":"2022-05-23T12:42:43+00:00","schema":{"@context":"https:\/\/schema.org","@graph":[{"@type":"WebPage","@id":"https:\/\/hsfamericana.com.br\/index.php\/contato\/","url":"https:\/\/hsfamericana.com.br\/index.php\/contato\/","name":"D\u00favidas e sugest\u00f5es \u2022 Hospital S\u00e3o Francisco","isPartOf":{"@id":"https:\/\/hsfamericana.com.br\/#website"},"datePublished":"2014-10-14T19:30:13+00:00","dateModified":"2022-05-23T12:42:43+00:00","description":"D\u00favidas e sugest\u00f5es \u2022 Hospital S\u00e3o Francisco, HSF Americana, Hospital Americana, Americana, Hospital S\u00e3o Francisco, Banco de Sangue, Urologia, T\u00f3rax...","breadcrumb":{"@id":"https:\/\/hsfamericana.com.br\/index.php\/contato\/#breadcrumb"},"inLanguage":"pt-BR","potentialAction":[{"@type":"ReadAction","target":["https:\/\/hsfamericana.com.br\/index.php\/contato\/"]}]},{"@type":"BreadcrumbList","@id":"https:\/\/hsfamericana.com.br\/index.php\/contato\/#breadcrumb","itemListElement":[{"@type":"ListItem","position":1,"name":"In\u00edcio","item":"https:\/\/hsfamericana.com.br\/"},{"@type":"ListItem","position":2,"name":"Contato"}]},{"@type":"WebSite","@id":"https:\/\/hsfamericana.com.br\/#website","url":"https:\/\/hsfamericana.com.br\/","name":"Hospital S\u00e3o Francisco de Americana","description":"O mais completo da regi\u00e3o de Campinas","potentialAction":[{"@type":"SearchAction","target":{"@type":"EntryPoint","urlTemplate":"https:\/\/hsfamericana.com.br\/?s={search_term_string}"},"query-input":{"@type":"PropertyValueSpecification","valueRequired":true,"valueName":"search_term_string"}}],"inLanguage":"pt-BR"}]}},"_links":{"self":[{"href":"https:\/\/hsfamericana.com.br\/index.php\/wp-json\/wp\/v2\/pages\/1215","targetHints":{"allow":["GET"]}}],"collection":[{"href":"https:\/\/hsfamericana.com.br\/index.php\/wp-json\/wp\/v2\/pages"}],"about":[{"href":"https:\/\/hsfamericana.com.br\/index.php\/wp-json\/wp\/v2\/types\/page"}],"author":[{"embeddable":true,"href":"https:\/\/hsfamericana.com.br\/index.php\/wp-json\/wp\/v2\/users\/2"}],"replies":[{"embeddable":true,"href":"https:\/\/hsfamericana.com.br\/index.php\/wp-json\/wp\/v2\/comments?post=1215"}],"version-history":[{"count":18,"href":"https:\/\/hsfamericana.com.br\/index.php\/wp-json\/wp\/v2\/pages\/1215\/revisions"}],"predecessor-version":[{"id":4055,"href":"https:\/\/hsfamericana.com.br\/index.php\/wp-json\/wp\/v2\/pages\/1215\/revisions\/4055"}],"wp:attachment":[{"href":"https:\/\/hsfamericana.com.br\/index.php\/wp-json\/wp\/v2\/media?parent=1215"}],"curies":[{"name":"wp","href":"https:\/\/api.w.org\/{rel}","templated":true}]}}