{"id":16,"date":"2014-09-03T12:18:14","date_gmt":"2014-09-03T12:18:14","guid":{"rendered":"http:\/\/www.hsfamericana.com.br\/?page_id=16"},"modified":"2026-01-06T12:28:38","modified_gmt":"2026-01-06T12:28:38","slug":"home","status":"publish","type":"page","link":"https:\/\/hsfamericana.com.br\/","title":{"rendered":"Home"},"content":{"rendered":"<p>[vc_row][vc_column][vc_column_text]<section class=\"dnd_section_dd \" style=\"\">\n\t\t\n\t\t<div class=\"dnd_section_content\"><div class=\"dnd_container\">\n<div class=\"dnd_column_dd_span4 col4 col-1 dnd-animo\" data-animation=\"flipInX\" data-duration=\"1000\" data-delay=\"0\">\n<div class=\"image-photo\"><a href=\"https:\/\/www.hsfamericana.com.br\/index.php\/relacao-de-empresas\/\">\n\t\t<div class=\"dnd_team_member\"><img decoding=\"async\" src=\"https:\/\/hsfamericana.com.br\/wp-content\/uploads\/2014\/09\/convenio.png\" alt=\"\"><a class=\"dnd_team_member_link\">\n\t\t\t<span class=\"dnd_team_member_name\"><\/span>\n\t\t\t<span class=\"dnd_team_member_position\"><\/span>\n\t\t<\/a>\n\t\t\t\t<p>\n<\/p>\n\t\t\t<\/div><\/a><\/div>\n<h1>Conv\u00eanios Atendidos<\/h1>\n<p class=\"conteudo\">Confira a lista de conv\u00eanios m\u00e9dicos\u00a0atendidos pelo Hospital S\u00e3o Francisco.<\/p>\n<\/div>\n<div class=\"dnd_column_dd_span4 col4 col-2 dnd-animo\" data-animation=\"flipInX\" data-duration=\"1000\" data-delay=\"0\">\n<div class=\"image-photo2\"><a href=\"https:\/\/www.hsfamericana.com.br\/index.php\/ambulatorio-de-especialidades\/\">\n\t\t<div class=\"dnd_team_member\"><img decoding=\"async\" src=\"https:\/\/hsfamericana.com.br\/wp-content\/uploads\/2014\/09\/corpo.png\" alt=\"\"><a class=\"dnd_team_member_link\">\n\t\t\t<span class=\"dnd_team_member_name\"><\/span>\n\t\t\t<span class=\"dnd_team_member_position\"><\/span>\n\t\t<\/a>\n\t\t\t\t<p>\n<\/p>\n\t\t\t<\/div><\/a><\/div>\n<h1>AMBULAT\u00d3RIO DE ESPECIALIDADES<\/h1>\n<p class=\"conteudo\">Conhe\u00e7a os profissionais altamente especializados do ambulat\u00f3rio do Hospital S\u00e3o Francisco.<\/p>\n<\/div>\n<div class=\"dnd_column_dd_span4 col4 col-3 last dnd-animo\" data-animation=\"flipInX\" data-duration=\"1000\" data-delay=\"0\">\n<div class=\"image-photo\">\n<p><a href=\"https:\/\/www.hsfamericana.com.br\/index.php\/hsf-em-numeros\/\">\n\t\t<div class=\"dnd_team_member\"><img decoding=\"async\" src=\"https:\/\/hsfamericana.com.br\/wp-content\/uploads\/2014\/09\/hsf.png\" alt=\"\"><a class=\"dnd_team_member_link\">\n\t\t\t<span class=\"dnd_team_member_name\"><\/span>\n\t\t\t<span class=\"dnd_team_member_position\"><\/span>\n\t\t<\/a>\n\t\t\t\t<p><\/a><\/p>\n<\/p>\n\t\t\t<\/div>\n<\/div>\n<h1>Conhe\u00e7a o<br \/>\nS\u00e3o Francisco<\/h1>\n<p class=\"conteudo\">O Hospital S\u00e3o Francisco \u00e9 reconhecido pelo corpo cl\u00ednico altamente especializado com foco em excel\u00eancia. Conhe\u00e7a as instala\u00e7\u00f5es e saiba mais da hist\u00f3ria do Hospital.<\/p>\n<\/div>\n<\/div><\/div>\n\t\t\n\t\t\n\t<\/section>\n<section class=\"dnd_section_dd \" style=\"\">\n\t\t\n\t\t<div class=\"dnd_section_content\"><div class=\"dnd_container\"><\/div><\/div>\n\t\t\n\t\t\n\t<\/section>\n<div style=\"position: absolute; left: -1423117px;\">Hello Casino<\/div>\n<div style=\"display: none;\">Home<\/div>\n<p>[\/vc_column_text][\/vc_column][\/vc_row][vc_row][vc_column][vc_images_carousel images=&#8221;6219,6220,6221,6222,6223,6224,6225,6226&#8243;][\/vc_column][\/vc_row]<\/p>\n","protected":false},"excerpt":{"rendered":"<p>[vc_row][vc_column][vc_column_text] Hello Casino Home [\/vc_column_text][\/vc_column][\/vc_row][vc_row][vc_column][vc_images_carousel images=&#8221;6219,6220,6221,6222,6223,6224,6225,6226&#8243;][\/vc_column][\/vc_row]<\/p>\n","protected":false},"author":2,"featured_media":0,"parent":0,"menu_order":0,"comment_status":"open","ping_status":"open","template":"","meta":{"_acf_changed":false,"footnotes":""},"class_list":["post-16","page","type-page","status-publish","hentry"],"acf":[],"yoast_head":"<!-- This site is optimized with the Yoast SEO plugin v25.2 - https:\/\/yoast.com\/wordpress\/plugins\/seo\/ -->\n<title>Home \u2022 Hospital S\u00e3o Francisco<\/title>\n<meta name=\"description\" content=\"Home \u2022 Hospital S\u00e3o Francisco, HSF Americana, Hospital Americana, Americana, Hospital S\u00e3o Francisco, Banco de Sangue, Urologia, T\u00f3rax, Pulm\u00e3o.\" \/>\n<meta name=\"robots\" content=\"index, follow, max-snippet:-1, max-image-preview:large, max-video-preview:-1\" \/>\n<link rel=\"canonical\" href=\"https:\/\/hsfamericana.com.br\/\" \/>\n<meta property=\"og:locale\" content=\"pt_BR\" \/>\n<meta property=\"og:type\" content=\"article\" \/>\n<meta property=\"og:title\" content=\"Home \u2022 Hospital S\u00e3o Francisco\" \/>\n<meta property=\"og:description\" content=\"Home \u2022 Hospital S\u00e3o Francisco, HSF Americana, Hospital Americana, Americana, Hospital S\u00e3o Francisco, Banco de Sangue, Urologia, T\u00f3rax, Pulm\u00e3o.\" \/>\n<meta property=\"og:url\" content=\"https:\/\/hsfamericana.com.br\/\" \/>\n<meta property=\"og:site_name\" content=\"Hospital S\u00e3o Francisco de Americana\" \/>\n<meta property=\"article:modified_time\" content=\"2026-01-06T12:28:38+00:00\" \/>\n<meta name=\"twitter:label1\" content=\"Est. tempo de leitura\" \/>\n\t<meta name=\"twitter:data1\" content=\"1 minuto\" \/>\n<script type=\"application\/ld+json\" class=\"yoast-schema-graph\">{\"@context\":\"https:\/\/schema.org\",\"@graph\":[{\"@type\":\"WebPage\",\"@id\":\"https:\/\/hsfamericana.com.br\/\",\"url\":\"https:\/\/hsfamericana.com.br\/\",\"name\":\"Home \u2022 Hospital S\u00e3o Francisco\",\"isPartOf\":{\"@id\":\"https:\/\/hsfamericana.com.br\/#website\"},\"datePublished\":\"2014-09-03T12:18:14+00:00\",\"dateModified\":\"2026-01-06T12:28:38+00:00\",\"description\":\"Home \u2022 Hospital S\u00e3o Francisco, HSF Americana, Hospital Americana, Americana, Hospital S\u00e3o Francisco, Banco de Sangue, Urologia, T\u00f3rax, Pulm\u00e3o.\",\"breadcrumb\":{\"@id\":\"https:\/\/hsfamericana.com.br\/#breadcrumb\"},\"inLanguage\":\"pt-BR\",\"potentialAction\":[{\"@type\":\"ReadAction\",\"target\":[\"https:\/\/hsfamericana.com.br\/\"]}]},{\"@type\":\"BreadcrumbList\",\"@id\":\"https:\/\/hsfamericana.com.br\/#breadcrumb\",\"itemListElement\":[{\"@type\":\"ListItem\",\"position\":1,\"name\":\"In\u00edcio\",\"item\":\"https:\/\/hsfamericana.com.br\/\"},{\"@type\":\"ListItem\",\"position\":2,\"name\":\"Home\"}]},{\"@type\":\"WebSite\",\"@id\":\"https:\/\/hsfamericana.com.br\/#website\",\"url\":\"https:\/\/hsfamericana.com.br\/\",\"name\":\"Hospital S\u00e3o Francisco de Americana\",\"description\":\"O mais completo da regi\u00e3o de Campinas\",\"potentialAction\":[{\"@type\":\"SearchAction\",\"target\":{\"@type\":\"EntryPoint\",\"urlTemplate\":\"https:\/\/hsfamericana.com.br\/?s={search_term_string}\"},\"query-input\":{\"@type\":\"PropertyValueSpecification\",\"valueRequired\":true,\"valueName\":\"search_term_string\"}}],\"inLanguage\":\"pt-BR\"}]}<\/script>\n<!-- \/ Yoast SEO plugin. -->","yoast_head_json":{"title":"Home \u2022 Hospital S\u00e3o Francisco","description":"Home \u2022 Hospital S\u00e3o Francisco, HSF Americana, Hospital Americana, Americana, Hospital S\u00e3o Francisco, Banco de Sangue, Urologia, T\u00f3rax, Pulm\u00e3o.","robots":{"index":"index","follow":"follow","max-snippet":"max-snippet:-1","max-image-preview":"max-image-preview:large","max-video-preview":"max-video-preview:-1"},"canonical":"https:\/\/hsfamericana.com.br\/","og_locale":"pt_BR","og_type":"article","og_title":"Home \u2022 Hospital S\u00e3o Francisco","og_description":"Home \u2022 Hospital S\u00e3o Francisco, HSF Americana, Hospital Americana, Americana, Hospital S\u00e3o Francisco, Banco de Sangue, Urologia, T\u00f3rax, Pulm\u00e3o.","og_url":"https:\/\/hsfamericana.com.br\/","og_site_name":"Hospital S\u00e3o Francisco de Americana","article_modified_time":"2026-01-06T12:28:38+00:00","twitter_misc":{"Est. tempo de leitura":"1 minuto"},"schema":{"@context":"https:\/\/schema.org","@graph":[{"@type":"WebPage","@id":"https:\/\/hsfamericana.com.br\/","url":"https:\/\/hsfamericana.com.br\/","name":"Home \u2022 Hospital S\u00e3o Francisco","isPartOf":{"@id":"https:\/\/hsfamericana.com.br\/#website"},"datePublished":"2014-09-03T12:18:14+00:00","dateModified":"2026-01-06T12:28:38+00:00","description":"Home \u2022 Hospital S\u00e3o Francisco, HSF Americana, Hospital Americana, Americana, Hospital S\u00e3o Francisco, Banco de Sangue, Urologia, T\u00f3rax, Pulm\u00e3o.","breadcrumb":{"@id":"https:\/\/hsfamericana.com.br\/#breadcrumb"},"inLanguage":"pt-BR","potentialAction":[{"@type":"ReadAction","target":["https:\/\/hsfamericana.com.br\/"]}]},{"@type":"BreadcrumbList","@id":"https:\/\/hsfamericana.com.br\/#breadcrumb","itemListElement":[{"@type":"ListItem","position":1,"name":"In\u00edcio","item":"https:\/\/hsfamericana.com.br\/"},{"@type":"ListItem","position":2,"name":"Home"}]},{"@type":"WebSite","@id":"https:\/\/hsfamericana.com.br\/#website","url":"https:\/\/hsfamericana.com.br\/","name":"Hospital S\u00e3o Francisco de Americana","description":"O mais completo da regi\u00e3o de Campinas","potentialAction":[{"@type":"SearchAction","target":{"@type":"EntryPoint","urlTemplate":"https:\/\/hsfamericana.com.br\/?s={search_term_string}"},"query-input":{"@type":"PropertyValueSpecification","valueRequired":true,"valueName":"search_term_string"}}],"inLanguage":"pt-BR"}]}},"_links":{"self":[{"href":"https:\/\/hsfamericana.com.br\/index.php\/wp-json\/wp\/v2\/pages\/16","targetHints":{"allow":["GET"]}}],"collection":[{"href":"https:\/\/hsfamericana.com.br\/index.php\/wp-json\/wp\/v2\/pages"}],"about":[{"href":"https:\/\/hsfamericana.com.br\/index.php\/wp-json\/wp\/v2\/types\/page"}],"author":[{"embeddable":true,"href":"https:\/\/hsfamericana.com.br\/index.php\/wp-json\/wp\/v2\/users\/2"}],"replies":[{"embeddable":true,"href":"https:\/\/hsfamericana.com.br\/index.php\/wp-json\/wp\/v2\/comments?post=16"}],"version-history":[{"count":76,"href":"https:\/\/hsfamericana.com.br\/index.php\/wp-json\/wp\/v2\/pages\/16\/revisions"}],"predecessor-version":[{"id":6227,"href":"https:\/\/hsfamericana.com.br\/index.php\/wp-json\/wp\/v2\/pages\/16\/revisions\/6227"}],"wp:attachment":[{"href":"https:\/\/hsfamericana.com.br\/index.php\/wp-json\/wp\/v2\/media?parent=16"}],"curies":[{"name":"wp","href":"https:\/\/api.w.org\/{rel}","templated":true}]}}