{"id":1864,"date":"2017-09-22T12:47:01","date_gmt":"2017-09-22T12:47:01","guid":{"rendered":"http:\/\/www.hsfamericana.com.br\/?page_id=1864"},"modified":"2024-08-26T08:50:04","modified_gmt":"2024-08-26T08:50:04","slug":"provedores","status":"publish","type":"page","link":"https:\/\/hsfamericana.com.br\/index.php\/provedores\/","title":{"rendered":"Provedores"},"content":{"rendered":"<p>[vc_row][vc_column][vc_column_text]<\/p>\n<div id=\"gallery-conteudo\">\u00a0<\/div>\n\n\t\t<style type=\"text\/css\">\n\t\t\t#gallery-1 {\n\t\t\t\tmargin: auto;\n\t\t\t}\n\t\t\t#gallery-1 .gallery-item {\n\t\t\t\tfloat: left;\n\t\t\t\tmargin-top: 10px;\n\t\t\t\ttext-align: center;\n\t\t\t\twidth: 25%;\n\t\t\t}\n\t\t\t#gallery-1 img {\n\t\t\t\tborder: 2px solid #cfcfcf;\n\t\t\t}\n\t\t\t#gallery-1 .gallery-caption {\n\t\t\t\tmargin-left: 0;\n\t\t\t}\n\t\t\t\/* see gallery_shortcode() in wp-includes\/media.php *\/\n\t\t<\/style>\n\t\t<div id='gallery-1' class='gallery galleryid-1864 gallery-columns-4 gallery-size-thumbnail'><dl class='gallery-item'>\n\t\t\t<dt class='gallery-icon landscape'>\n\t\t\t\t<img loading=\"lazy\" decoding=\"async\" width=\"150\" height=\"150\" src=\"https:\/\/hsfamericana.com.br\/wp-content\/uploads\/2017\/09\/Joao-Castro-Goncalves.jpg\" class=\"attachment-thumbnail size-thumbnail\" alt=\"\" aria-describedby=\"gallery-1-5404\" srcset=\"https:\/\/hsfamericana.com.br\/wp-content\/uploads\/2017\/09\/Joao-Castro-Goncalves.jpg 150w, https:\/\/hsfamericana.com.br\/wp-content\/uploads\/2017\/09\/Joao-Castro-Goncalves-300x300.jpg 300w, https:\/\/hsfamericana.com.br\/wp-content\/uploads\/2017\/09\/Joao-Castro-Goncalves-768x768.jpg 768w, https:\/\/hsfamericana.com.br\/wp-content\/uploads\/2017\/09\/Joao-Castro-Goncalves-1024x1024.jpg 1024w\" sizes=\"auto, (max-width: 150px) 100vw, 150px\" \/>\n\t\t\t<\/dt>\n\t\t\t\t<dd class='wp-caption-text gallery-caption' id='gallery-1-5404'>\n\t\t\t\tJo\u00e3o Castro Gon\u00e7alves <br> Fundador  1942 \u00e0 1948\n\t\t\t\t<\/dd><\/dl><dl class='gallery-item'>\n\t\t\t<dt class='gallery-icon landscape'>\n\t\t\t\t<img loading=\"lazy\" decoding=\"async\" width=\"150\" height=\"150\" src=\"https:\/\/hsfamericana.com.br\/wp-content\/uploads\/2017\/09\/Eneas-Assis-Saes.jpg\" class=\"attachment-thumbnail size-thumbnail\" alt=\"\" aria-describedby=\"gallery-1-5397\" srcset=\"https:\/\/hsfamericana.com.br\/wp-content\/uploads\/2017\/09\/Eneas-Assis-Saes.jpg 150w, https:\/\/hsfamericana.com.br\/wp-content\/uploads\/2017\/09\/Eneas-Assis-Saes-300x300.jpg 300w, https:\/\/hsfamericana.com.br\/wp-content\/uploads\/2017\/09\/Eneas-Assis-Saes-768x768.jpg 768w, https:\/\/hsfamericana.com.br\/wp-content\/uploads\/2017\/09\/Eneas-Assis-Saes-1024x1024.jpg 1024w\" sizes=\"auto, (max-width: 150px) 100vw, 150px\" \/>\n\t\t\t<\/dt>\n\t\t\t\t<dd class='wp-caption-text gallery-caption' id='gallery-1-5397'>\n\t\t\t\tEneas Assis Saes <br>Provedor 1951\n\t\t\t\t<\/dd><\/dl><dl class='gallery-item'>\n\t\t\t<dt class='gallery-icon landscape'>\n\t\t\t\t<img loading=\"lazy\" decoding=\"async\" width=\"150\" height=\"150\" src=\"https:\/\/hsfamericana.com.br\/wp-content\/uploads\/2017\/09\/Abrahim-Elias.jpg\" class=\"attachment-thumbnail size-thumbnail\" alt=\"\" aria-describedby=\"gallery-1-5396\" srcset=\"https:\/\/hsfamericana.com.br\/wp-content\/uploads\/2017\/09\/Abrahim-Elias.jpg 150w, https:\/\/hsfamericana.com.br\/wp-content\/uploads\/2017\/09\/Abrahim-Elias-300x300.jpg 300w, https:\/\/hsfamericana.com.br\/wp-content\/uploads\/2017\/09\/Abrahim-Elias-768x768.jpg 768w, https:\/\/hsfamericana.com.br\/wp-content\/uploads\/2017\/09\/Abrahim-Elias-1024x1024.jpg 1024w\" sizes=\"auto, (max-width: 150px) 100vw, 150px\" \/>\n\t\t\t<\/dt>\n\t\t\t\t<dd class='wp-caption-text gallery-caption' id='gallery-1-5396'>\n\t\t\t\tAbrahim Elias <br> Provedor 1948 a 1954\n\t\t\t\t<\/dd><\/dl><dl class='gallery-item'>\n\t\t\t<dt class='gallery-icon landscape'>\n\t\t\t\t<img loading=\"lazy\" decoding=\"async\" width=\"150\" height=\"150\" src=\"https:\/\/hsfamericana.com.br\/wp-content\/uploads\/2017\/09\/Nacim-Elias.jpg\" class=\"attachment-thumbnail size-thumbnail\" alt=\"\" aria-describedby=\"gallery-1-5395\" srcset=\"https:\/\/hsfamericana.com.br\/wp-content\/uploads\/2017\/09\/Nacim-Elias.jpg 150w, https:\/\/hsfamericana.com.br\/wp-content\/uploads\/2017\/09\/Nacim-Elias-300x300.jpg 300w, https:\/\/hsfamericana.com.br\/wp-content\/uploads\/2017\/09\/Nacim-Elias-768x768.jpg 768w, https:\/\/hsfamericana.com.br\/wp-content\/uploads\/2017\/09\/Nacim-Elias-1024x1024.jpg 1024w\" sizes=\"auto, (max-width: 150px) 100vw, 150px\" \/>\n\t\t\t<\/dt>\n\t\t\t\t<dd class='wp-caption-text gallery-caption' id='gallery-1-5395'>\n\t\t\t\tNacim Elias <br> Provedor 1954 \u00e0 1961\n\t\t\t\t<\/dd><\/dl><br style=\"clear: both\" \/><dl class='gallery-item'>\n\t\t\t<dt class='gallery-icon landscape'>\n\t\t\t\t<img loading=\"lazy\" decoding=\"async\" width=\"150\" height=\"150\" src=\"https:\/\/hsfamericana.com.br\/wp-content\/uploads\/2017\/09\/Antonio-Pinto-Duarte.jpg\" class=\"attachment-thumbnail size-thumbnail\" alt=\"\" aria-describedby=\"gallery-1-5402\" srcset=\"https:\/\/hsfamericana.com.br\/wp-content\/uploads\/2017\/09\/Antonio-Pinto-Duarte.jpg 150w, https:\/\/hsfamericana.com.br\/wp-content\/uploads\/2017\/09\/Antonio-Pinto-Duarte-300x300.jpg 300w, https:\/\/hsfamericana.com.br\/wp-content\/uploads\/2017\/09\/Antonio-Pinto-Duarte-768x768.jpg 768w, https:\/\/hsfamericana.com.br\/wp-content\/uploads\/2017\/09\/Antonio-Pinto-Duarte-1024x1024.jpg 1024w\" sizes=\"auto, (max-width: 150px) 100vw, 150px\" \/>\n\t\t\t<\/dt>\n\t\t\t\t<dd class='wp-caption-text gallery-caption' id='gallery-1-5402'>\n\t\t\t\tAnt\u00f4nio Pinto Duarte<br> Provedor 1963 a 1966\n\t\t\t\t<\/dd><\/dl><dl class='gallery-item'>\n\t\t\t<dt class='gallery-icon landscape'>\n\t\t\t\t<img loading=\"lazy\" decoding=\"async\" width=\"150\" height=\"150\" src=\"https:\/\/hsfamericana.com.br\/wp-content\/uploads\/2017\/09\/Onofre-Boer.jpg\" class=\"attachment-thumbnail size-thumbnail\" alt=\"\" aria-describedby=\"gallery-1-5393\" srcset=\"https:\/\/hsfamericana.com.br\/wp-content\/uploads\/2017\/09\/Onofre-Boer.jpg 150w, https:\/\/hsfamericana.com.br\/wp-content\/uploads\/2017\/09\/Onofre-Boer-300x300.jpg 300w, https:\/\/hsfamericana.com.br\/wp-content\/uploads\/2017\/09\/Onofre-Boer-768x768.jpg 768w, https:\/\/hsfamericana.com.br\/wp-content\/uploads\/2017\/09\/Onofre-Boer-1024x1024.jpg 1024w\" sizes=\"auto, (max-width: 150px) 100vw, 150px\" \/>\n\t\t\t<\/dt>\n\t\t\t\t<dd class='wp-caption-text gallery-caption' id='gallery-1-5393'>\n\t\t\t\tOnofre Boer<br> Provedor 1961 a 1963 \/ 1966 \u00e0 1969\n\t\t\t\t<\/dd><\/dl><dl class='gallery-item'>\n\t\t\t<dt class='gallery-icon landscape'>\n\t\t\t\t<img loading=\"lazy\" decoding=\"async\" width=\"150\" height=\"150\" src=\"https:\/\/hsfamericana.com.br\/wp-content\/uploads\/2017\/09\/Cid-de-Azevedo-Marques.jpg\" class=\"attachment-thumbnail size-thumbnail\" alt=\"\" aria-describedby=\"gallery-1-5392\" srcset=\"https:\/\/hsfamericana.com.br\/wp-content\/uploads\/2017\/09\/Cid-de-Azevedo-Marques.jpg 150w, https:\/\/hsfamericana.com.br\/wp-content\/uploads\/2017\/09\/Cid-de-Azevedo-Marques-300x300.jpg 300w, https:\/\/hsfamericana.com.br\/wp-content\/uploads\/2017\/09\/Cid-de-Azevedo-Marques-768x768.jpg 768w, https:\/\/hsfamericana.com.br\/wp-content\/uploads\/2017\/09\/Cid-de-Azevedo-Marques-1024x1024.jpg 1024w\" sizes=\"auto, (max-width: 150px) 100vw, 150px\" \/>\n\t\t\t<\/dt>\n\t\t\t\t<dd class='wp-caption-text gallery-caption' id='gallery-1-5392'>\n\t\t\t\tCid de Azevedo Marques <br>Provedor 1969 \u00e0 1973\n\t\t\t\t<\/dd><\/dl><dl class='gallery-item'>\n\t\t\t<dt class='gallery-icon landscape'>\n\t\t\t\t<img loading=\"lazy\" decoding=\"async\" width=\"150\" height=\"150\" src=\"https:\/\/hsfamericana.com.br\/wp-content\/uploads\/2017\/09\/Italo-Scuro.jpg\" class=\"attachment-thumbnail size-thumbnail\" alt=\"\" aria-describedby=\"gallery-1-5391\" srcset=\"https:\/\/hsfamericana.com.br\/wp-content\/uploads\/2017\/09\/Italo-Scuro.jpg 150w, https:\/\/hsfamericana.com.br\/wp-content\/uploads\/2017\/09\/Italo-Scuro-300x300.jpg 300w, https:\/\/hsfamericana.com.br\/wp-content\/uploads\/2017\/09\/Italo-Scuro-768x768.jpg 768w, https:\/\/hsfamericana.com.br\/wp-content\/uploads\/2017\/09\/Italo-Scuro-1024x1024.jpg 1024w\" sizes=\"auto, (max-width: 150px) 100vw, 150px\" \/>\n\t\t\t<\/dt>\n\t\t\t\t<dd class='wp-caption-text gallery-caption' id='gallery-1-5391'>\n\t\t\t\tItalo Scuro <br>Provedor 1973 \u00e0 1978 \n\t\t\t\t<\/dd><\/dl><br style=\"clear: both\" \/><dl class='gallery-item'>\n\t\t\t<dt class='gallery-icon landscape'>\n\t\t\t\t<img loading=\"lazy\" decoding=\"async\" width=\"150\" height=\"150\" src=\"https:\/\/hsfamericana.com.br\/wp-content\/uploads\/2017\/09\/Oscar-Adolfo-Berggrem.jpg\" class=\"attachment-thumbnail size-thumbnail\" alt=\"\" aria-describedby=\"gallery-1-5390\" srcset=\"https:\/\/hsfamericana.com.br\/wp-content\/uploads\/2017\/09\/Oscar-Adolfo-Berggrem.jpg 150w, https:\/\/hsfamericana.com.br\/wp-content\/uploads\/2017\/09\/Oscar-Adolfo-Berggrem-300x300.jpg 300w, https:\/\/hsfamericana.com.br\/wp-content\/uploads\/2017\/09\/Oscar-Adolfo-Berggrem-768x768.jpg 768w, https:\/\/hsfamericana.com.br\/wp-content\/uploads\/2017\/09\/Oscar-Adolfo-Berggrem-1024x1024.jpg 1024w\" sizes=\"auto, (max-width: 150px) 100vw, 150px\" \/>\n\t\t\t<\/dt>\n\t\t\t\t<dd class='wp-caption-text gallery-caption' id='gallery-1-5390'>\n\t\t\t\tOscar Adolfo Berggrem <br>Provedor 1978 \u00e0 1982\n\t\t\t\t<\/dd><\/dl><dl class='gallery-item'>\n\t\t\t<dt class='gallery-icon landscape'>\n\t\t\t\t<img loading=\"lazy\" decoding=\"async\" width=\"150\" height=\"150\" src=\"https:\/\/hsfamericana.com.br\/wp-content\/uploads\/2017\/09\/Antonio-Fioretti.jpg\" class=\"attachment-thumbnail size-thumbnail\" alt=\"\" aria-describedby=\"gallery-1-5401\" srcset=\"https:\/\/hsfamericana.com.br\/wp-content\/uploads\/2017\/09\/Antonio-Fioretti.jpg 150w, https:\/\/hsfamericana.com.br\/wp-content\/uploads\/2017\/09\/Antonio-Fioretti-300x300.jpg 300w, https:\/\/hsfamericana.com.br\/wp-content\/uploads\/2017\/09\/Antonio-Fioretti-768x768.jpg 768w, https:\/\/hsfamericana.com.br\/wp-content\/uploads\/2017\/09\/Antonio-Fioretti-1024x1024.jpg 1024w\" sizes=\"auto, (max-width: 150px) 100vw, 150px\" \/>\n\t\t\t<\/dt>\n\t\t\t\t<dd class='wp-caption-text gallery-caption' id='gallery-1-5401'>\n\t\t\t\tAnt\u00f4nio Fioretti<br>  Provedor 1984 \u00e0 1987 e 1993 \u00e0 1996\n\t\t\t\t<\/dd><\/dl><dl class='gallery-item'>\n\t\t\t<dt class='gallery-icon landscape'>\n\t\t\t\t<img loading=\"lazy\" decoding=\"async\" width=\"150\" height=\"150\" src=\"https:\/\/hsfamericana.com.br\/wp-content\/uploads\/2017\/09\/Rubens-Goncalves-Dias.jpg\" class=\"attachment-thumbnail size-thumbnail\" alt=\"\" aria-describedby=\"gallery-1-5400\" srcset=\"https:\/\/hsfamericana.com.br\/wp-content\/uploads\/2017\/09\/Rubens-Goncalves-Dias.jpg 150w, https:\/\/hsfamericana.com.br\/wp-content\/uploads\/2017\/09\/Rubens-Goncalves-Dias-300x300.jpg 300w, https:\/\/hsfamericana.com.br\/wp-content\/uploads\/2017\/09\/Rubens-Goncalves-Dias-768x768.jpg 768w, https:\/\/hsfamericana.com.br\/wp-content\/uploads\/2017\/09\/Rubens-Goncalves-Dias-1024x1024.jpg 1024w\" sizes=\"auto, (max-width: 150px) 100vw, 150px\" \/>\n\t\t\t<\/dt>\n\t\t\t\t<dd class='wp-caption-text gallery-caption' id='gallery-1-5400'>\n\t\t\t\tRubens Gon\u00e7alves Dias <br>Provedor 1987 \u00e0 1993\n\t\t\t\t<\/dd><\/dl><dl class='gallery-item'>\n\t\t\t<dt class='gallery-icon landscape'>\n\t\t\t\t<img loading=\"lazy\" decoding=\"async\" width=\"150\" height=\"150\" src=\"https:\/\/hsfamericana.com.br\/wp-content\/uploads\/2017\/09\/DOrssay-Luize.jpg\" class=\"attachment-thumbnail size-thumbnail\" alt=\"\" aria-describedby=\"gallery-1-5399\" srcset=\"https:\/\/hsfamericana.com.br\/wp-content\/uploads\/2017\/09\/DOrssay-Luize.jpg 150w, https:\/\/hsfamericana.com.br\/wp-content\/uploads\/2017\/09\/DOrssay-Luize-300x300.jpg 300w, https:\/\/hsfamericana.com.br\/wp-content\/uploads\/2017\/09\/DOrssay-Luize-768x768.jpg 768w, https:\/\/hsfamericana.com.br\/wp-content\/uploads\/2017\/09\/DOrssay-Luize-1024x1024.jpg 1024w\" sizes=\"auto, (max-width: 150px) 100vw, 150px\" \/>\n\t\t\t<\/dt>\n\t\t\t\t<dd class='wp-caption-text gallery-caption' id='gallery-1-5399'>\n\t\t\t\tD\u2019Orssay Luize <br>Provedor 1996 \u00e0 1999\n\t\t\t\t<\/dd><\/dl><br style=\"clear: both\" \/>\n\t\t<\/div>\n\n\n\t\t<style type=\"text\/css\">\n\t\t\t#gallery-2 {\n\t\t\t\tmargin: auto;\n\t\t\t}\n\t\t\t#gallery-2 .gallery-item {\n\t\t\t\tfloat: left;\n\t\t\t\tmargin-top: 10px;\n\t\t\t\ttext-align: center;\n\t\t\t\twidth: 100%;\n\t\t\t}\n\t\t\t#gallery-2 img {\n\t\t\t\tborder: 2px solid #cfcfcf;\n\t\t\t}\n\t\t\t#gallery-2 .gallery-caption {\n\t\t\t\tmargin-left: 0;\n\t\t\t}\n\t\t\t\/* see gallery_shortcode() in wp-includes\/media.php *\/\n\t\t<\/style>\n\t\t<div id='gallery-2' class='gallery galleryid-1864 gallery-columns-1 gallery-size-thumbnail'><dl class='gallery-item'>\n\t\t\t<dt class='gallery-icon landscape'>\n\t\t\t\t<img loading=\"lazy\" decoding=\"async\" width=\"150\" height=\"150\" src=\"https:\/\/hsfamericana.com.br\/wp-content\/uploads\/2017\/09\/Douglas-Apparecido-Guzzo.jpg\" class=\"attachment-thumbnail size-thumbnail\" alt=\"\" aria-describedby=\"gallery-2-5405\" srcset=\"https:\/\/hsfamericana.com.br\/wp-content\/uploads\/2017\/09\/Douglas-Apparecido-Guzzo.jpg 150w, https:\/\/hsfamericana.com.br\/wp-content\/uploads\/2017\/09\/Douglas-Apparecido-Guzzo-300x300.jpg 300w, https:\/\/hsfamericana.com.br\/wp-content\/uploads\/2017\/09\/Douglas-Apparecido-Guzzo-768x768.jpg 768w, https:\/\/hsfamericana.com.br\/wp-content\/uploads\/2017\/09\/Douglas-Apparecido-Guzzo-1024x1024.jpg 1024w\" sizes=\"auto, (max-width: 150px) 100vw, 150px\" \/>\n\t\t\t<\/dt>\n\t\t\t\t<dd class='wp-caption-text gallery-caption' id='gallery-2-5405'>\n\t\t\t\tDouglas Apparecido Guzzo <br> Provedor 1999 \u00e0 2017\n\t\t\t\t<\/dd><\/dl><br style=\"clear: both\" \/>\n\t\t<\/div>\n\n<h2 style=\"text-align: center; margin-bottom: 40px; line-height: 50px; font-size: 35px;\"><span style=\"color: #0072bc;\"><strong>Provedores Interinos da Irmandade de Miseric\u00f3rdia de Americana, mantenedora do Hospital S\u00e3o Francisco.<\/strong><\/span><\/h2>\n<table style=\"height: 146px; width: 863px;\">\n<tbody>\n<tr style=\"height: 24px;\">\n<td style=\"width: 395px; height: 24px;\">JO\u00c3O DEI SANTI<\/td>\n<td style=\"width: 161px; height: 24px; text-align: center;\">Per\u00edodo<\/td>\n<td style=\"width: 116px; height: 24px; text-align: center;\">02\/09\/1958<\/td>\n<td style=\"width: 181px; height: 24px; text-align: center;\">06\/11\/1959<\/td>\n<\/tr>\n<tr style=\"height: 24px;\">\n<td style=\"width: 395px; height: 24px;\">FERRUCIO HUMBERTO GAZZETA<\/td>\n<td style=\"width: 161px; height: 24px; text-align: center;\">Per\u00edodo<\/td>\n<td style=\"width: 116px; height: 24px; text-align: center;\">07\/05\/1982<\/td>\n<td style=\"width: 181px; height: 24px; text-align: center;\">01\/09\/1983<\/td>\n<\/tr>\n<tr style=\"height: 24px;\">\n<td style=\"width: 395px; height: 24px;\">ORLANDO RAFFA<\/td>\n<td style=\"width: 161px; height: 24px; text-align: center;\">Per\u00edodo<\/td>\n<td style=\"width: 116px; height: 24px; text-align: center;\">01\/09\/1983<\/td>\n<td style=\"width: 181px; height: 24px; text-align: center;\">05\/01\/1984<\/td>\n<\/tr>\n<tr style=\"height: 24px;\">\n<td style=\"width: 395px; height: 24px;\">CARLOS ROSSETTI<\/td>\n<td style=\"width: 161px; height: 24px; text-align: center;\">Per\u00edodo<\/td>\n<td style=\"width: 116px; height: 24px; text-align: center;\">05\/01\/1984<\/td>\n<td style=\"width: 181px; height: 24px; text-align: center;\">25\/03\/1984<\/td>\n<\/tr>\n<\/tbody>\n<\/table>\n<div style=\"display: none;\">provedores<\/div>\n<p>[\/vc_column_text][\/vc_column][\/vc_row]<\/p>\n","protected":false},"excerpt":{"rendered":"<p>[vc_row][vc_column][vc_column_text] \u00a0 Provedores Interinos da Irmandade de Miseric\u00f3rdia de Americana, mantenedora do Hospital S\u00e3o Francisco. JO\u00c3O DEI SANTI Per\u00edodo 02\/09\/1958 06\/11\/1959 FERRUCIO HUMBERTO GAZZETA Per\u00edodo 07\/05\/1982 01\/09\/1983 ORLANDO RAFFA Per\u00edodo 01\/09\/1983 05\/01\/1984 CARLOS ROSSETTI Per\u00edodo 05\/01\/1984 25\/03\/1984 provedores [\/vc_column_text][\/vc_column][\/vc_row]<\/p>\n","protected":false},"author":2,"featured_media":0,"parent":0,"menu_order":0,"comment_status":"open","ping_status":"open","template":"padrao.php","meta":{"_acf_changed":false,"footnotes":""},"class_list":["post-1864","page","type-page","status-publish","hentry"],"acf":[],"yoast_head":"<!-- This site is optimized with the Yoast SEO plugin v25.2 - https:\/\/yoast.com\/wordpress\/plugins\/seo\/ -->\n<title>Provedores \u2022 Hospital S\u00e3o Francisco<\/title>\n<meta name=\"description\" content=\"Provedores do Hospital S\u00e3o Francisco - O Hospital S\u00e3o Francisco (HSF) conta com um corpo cl\u00ednico de excel\u00eancia, abordagem multidisciplinar, alta...\" \/>\n<meta name=\"robots\" content=\"index, follow, max-snippet:-1, max-image-preview:large, max-video-preview:-1\" \/>\n<link rel=\"canonical\" href=\"https:\/\/hsfamericana.com.br\/index.php\/provedores\/\" \/>\n<meta property=\"og:locale\" content=\"pt_BR\" \/>\n<meta property=\"og:type\" content=\"article\" \/>\n<meta property=\"og:title\" content=\"Provedores \u2022 Hospital S\u00e3o Francisco\" \/>\n<meta property=\"og:description\" content=\"Provedores do Hospital S\u00e3o Francisco - O Hospital S\u00e3o Francisco (HSF) conta com um corpo cl\u00ednico de excel\u00eancia, abordagem multidisciplinar, alta...\" \/>\n<meta property=\"og:url\" content=\"https:\/\/hsfamericana.com.br\/index.php\/provedores\/\" \/>\n<meta property=\"og:site_name\" content=\"Hospital S\u00e3o Francisco de Americana\" \/>\n<meta property=\"article:modified_time\" content=\"2024-08-26T08:50:04+00:00\" \/>\n<script type=\"application\/ld+json\" class=\"yoast-schema-graph\">{\"@context\":\"https:\/\/schema.org\",\"@graph\":[{\"@type\":\"WebPage\",\"@id\":\"https:\/\/hsfamericana.com.br\/index.php\/provedores\/\",\"url\":\"https:\/\/hsfamericana.com.br\/index.php\/provedores\/\",\"name\":\"Provedores \u2022 Hospital S\u00e3o Francisco\",\"isPartOf\":{\"@id\":\"https:\/\/hsfamericana.com.br\/#website\"},\"datePublished\":\"2017-09-22T12:47:01+00:00\",\"dateModified\":\"2024-08-26T08:50:04+00:00\",\"description\":\"Provedores do Hospital S\u00e3o Francisco - O Hospital S\u00e3o Francisco (HSF) conta com um corpo cl\u00ednico de excel\u00eancia, abordagem multidisciplinar, alta...\",\"breadcrumb\":{\"@id\":\"https:\/\/hsfamericana.com.br\/index.php\/provedores\/#breadcrumb\"},\"inLanguage\":\"pt-BR\",\"potentialAction\":[{\"@type\":\"ReadAction\",\"target\":[\"https:\/\/hsfamericana.com.br\/index.php\/provedores\/\"]}]},{\"@type\":\"BreadcrumbList\",\"@id\":\"https:\/\/hsfamericana.com.br\/index.php\/provedores\/#breadcrumb\",\"itemListElement\":[{\"@type\":\"ListItem\",\"position\":1,\"name\":\"In\u00edcio\",\"item\":\"https:\/\/hsfamericana.com.br\/\"},{\"@type\":\"ListItem\",\"position\":2,\"name\":\"Provedores\"}]},{\"@type\":\"WebSite\",\"@id\":\"https:\/\/hsfamericana.com.br\/#website\",\"url\":\"https:\/\/hsfamericana.com.br\/\",\"name\":\"Hospital S\u00e3o Francisco de Americana\",\"description\":\"O mais completo da regi\u00e3o de Campinas\",\"potentialAction\":[{\"@type\":\"SearchAction\",\"target\":{\"@type\":\"EntryPoint\",\"urlTemplate\":\"https:\/\/hsfamericana.com.br\/?s={search_term_string}\"},\"query-input\":{\"@type\":\"PropertyValueSpecification\",\"valueRequired\":true,\"valueName\":\"search_term_string\"}}],\"inLanguage\":\"pt-BR\"}]}<\/script>\n<!-- \/ Yoast SEO plugin. -->","yoast_head_json":{"title":"Provedores \u2022 Hospital S\u00e3o Francisco","description":"Provedores do Hospital S\u00e3o Francisco - O Hospital S\u00e3o Francisco (HSF) conta com um corpo cl\u00ednico de excel\u00eancia, abordagem multidisciplinar, alta...","robots":{"index":"index","follow":"follow","max-snippet":"max-snippet:-1","max-image-preview":"max-image-preview:large","max-video-preview":"max-video-preview:-1"},"canonical":"https:\/\/hsfamericana.com.br\/index.php\/provedores\/","og_locale":"pt_BR","og_type":"article","og_title":"Provedores \u2022 Hospital S\u00e3o Francisco","og_description":"Provedores do Hospital S\u00e3o Francisco - O Hospital S\u00e3o Francisco (HSF) conta com um corpo cl\u00ednico de excel\u00eancia, abordagem multidisciplinar, alta...","og_url":"https:\/\/hsfamericana.com.br\/index.php\/provedores\/","og_site_name":"Hospital S\u00e3o Francisco de Americana","article_modified_time":"2024-08-26T08:50:04+00:00","schema":{"@context":"https:\/\/schema.org","@graph":[{"@type":"WebPage","@id":"https:\/\/hsfamericana.com.br\/index.php\/provedores\/","url":"https:\/\/hsfamericana.com.br\/index.php\/provedores\/","name":"Provedores \u2022 Hospital S\u00e3o Francisco","isPartOf":{"@id":"https:\/\/hsfamericana.com.br\/#website"},"datePublished":"2017-09-22T12:47:01+00:00","dateModified":"2024-08-26T08:50:04+00:00","description":"Provedores do Hospital S\u00e3o Francisco - O Hospital S\u00e3o Francisco (HSF) conta com um corpo cl\u00ednico de excel\u00eancia, abordagem multidisciplinar, alta...","breadcrumb":{"@id":"https:\/\/hsfamericana.com.br\/index.php\/provedores\/#breadcrumb"},"inLanguage":"pt-BR","potentialAction":[{"@type":"ReadAction","target":["https:\/\/hsfamericana.com.br\/index.php\/provedores\/"]}]},{"@type":"BreadcrumbList","@id":"https:\/\/hsfamericana.com.br\/index.php\/provedores\/#breadcrumb","itemListElement":[{"@type":"ListItem","position":1,"name":"In\u00edcio","item":"https:\/\/hsfamericana.com.br\/"},{"@type":"ListItem","position":2,"name":"Provedores"}]},{"@type":"WebSite","@id":"https:\/\/hsfamericana.com.br\/#website","url":"https:\/\/hsfamericana.com.br\/","name":"Hospital S\u00e3o Francisco de Americana","description":"O mais completo da regi\u00e3o de Campinas","potentialAction":[{"@type":"SearchAction","target":{"@type":"EntryPoint","urlTemplate":"https:\/\/hsfamericana.com.br\/?s={search_term_string}"},"query-input":{"@type":"PropertyValueSpecification","valueRequired":true,"valueName":"search_term_string"}}],"inLanguage":"pt-BR"}]}},"_links":{"self":[{"href":"https:\/\/hsfamericana.com.br\/index.php\/wp-json\/wp\/v2\/pages\/1864","targetHints":{"allow":["GET"]}}],"collection":[{"href":"https:\/\/hsfamericana.com.br\/index.php\/wp-json\/wp\/v2\/pages"}],"about":[{"href":"https:\/\/hsfamericana.com.br\/index.php\/wp-json\/wp\/v2\/types\/page"}],"author":[{"embeddable":true,"href":"https:\/\/hsfamericana.com.br\/index.php\/wp-json\/wp\/v2\/users\/2"}],"replies":[{"embeddable":true,"href":"https:\/\/hsfamericana.com.br\/index.php\/wp-json\/wp\/v2\/comments?post=1864"}],"version-history":[{"count":14,"href":"https:\/\/hsfamericana.com.br\/index.php\/wp-json\/wp\/v2\/pages\/1864\/revisions"}],"predecessor-version":[{"id":5406,"href":"https:\/\/hsfamericana.com.br\/index.php\/wp-json\/wp\/v2\/pages\/1864\/revisions\/5406"}],"wp:attachment":[{"href":"https:\/\/hsfamericana.com.br\/index.php\/wp-json\/wp\/v2\/media?parent=1864"}],"curies":[{"name":"wp","href":"https:\/\/api.w.org\/{rel}","templated":true}]}}