{"id":201,"date":"2014-09-10T22:05:48","date_gmt":"2014-09-10T22:05:48","guid":{"rendered":"http:\/\/www.hsfamericana.com.br\/?page_id=201"},"modified":"2025-06-26T15:20:08","modified_gmt":"2025-06-26T15:20:08","slug":"hsf-em-numeros","status":"publish","type":"page","link":"https:\/\/hsfamericana.com.br\/index.php\/hsf-em-numeros\/","title":{"rendered":"HSF em n\u00fameros"},"content":{"rendered":"<p>[vc_row][vc_column][vc_column_text]<\/p>\n<p>Confira as conquistas em n\u00fameros do Hospital S\u00e3o Francisco no ano de 2024.<\/p>\n<p>&nbsp;<\/p>\n<section class=\"dnd_section_dd \" style=\"\">\n\t\t\n\t\t<div class=\"dnd_section_content\"><div class=\"dnd_container\"><div class=\"dnd_column_dd_span4 col4\">\n\n\t\t<div class=\"dnd_team_member\"><img decoding=\"async\" src=\"https:\/\/hsfamericana.com.br\/wp-content\/uploads\/2014\/09\/internacao2.png\" alt=\"\"><a class=\"dnd_team_member_link\">\n\t\t\t<span class=\"dnd_team_member_name\"><\/span>\n\t\t\t<span class=\"dnd_team_member_position\"><\/span>\n\t\t<\/a>\n\t\t\t\t<div class=\"hsf-col2\">\n<p><strong><span style=\"color: #0072bc;\">Interna\u00e7\u00f5es<\/span><\/strong><br \/>\nQuantidades totais:<br \/>\n7.374<\/p>\n\t\t\t<\/div>\n<\/div>\n<\/div>\n<div class=\"dnd_column_dd_span4 col4\">\n\n\t\t<div class=\"dnd_team_member\"><img decoding=\"async\" src=\"https:\/\/hsfamericana.com.br\/wp-content\/uploads\/2014\/09\/ambulatoriais2.png\" alt=\"\"><a class=\"dnd_team_member_link\">\n\t\t\t<span class=\"dnd_team_member_name\"><\/span>\n\t\t\t<span class=\"dnd_team_member_position\"><\/span>\n\t\t<\/a>\n\t\t\t\t<div class=\"hsf-col\">\n<p><strong><span style=\"color: #0072bc;\">Atendimentos Ambulatoriais<br \/>\n(especialidades)<\/span><\/strong><br \/>\nQuantidades totais:<br \/>\n29.803<\/p>\n<\/div>\n\t\t\t<\/div>\n<\/div>\n<div class=\"dnd_column_dd_span4 col4 last\">\n\n\t\t<div class=\"dnd_team_member\"><img decoding=\"async\" src=\"https:\/\/hsfamericana.com.br\/wp-content\/uploads\/2014\/09\/atendimento2.png\" alt=\"\"><a class=\"dnd_team_member_link\">\n\t\t\t<span class=\"dnd_team_member_name\"><\/span>\n\t\t\t<span class=\"dnd_team_member_position\"><\/span>\n\t\t<\/a>\n\t\t\t\t<div class=\"hsf-col2\">\n<p><strong><span style=\"color: #0072bc;\">Atendimentos no Pronto Atendimento<\/span><\/strong><br \/>\nQuantidades totais:<br \/>\n106.328<\/p>\n<\/div>\n\t\t\t<\/div>\n<\/div>\n<div class=\"dnd_column_dd_span4 col4\">\n\n\t\t<div class=\"dnd_team_member\"><img decoding=\"async\" src=\"https:\/\/hsfamericana.com.br\/wp-content\/uploads\/2014\/09\/cirurgia.png\" alt=\"\"><a class=\"dnd_team_member_link\">\n\t\t\t<span class=\"dnd_team_member_name\"><\/span>\n\t\t\t<span class=\"dnd_team_member_position\"><\/span>\n\t\t<\/a>\n\t\t\t\t<div class=\"hsf-col2\">\n<p><strong><span style=\"color: #0072bc;\">Cirurgias realizadas<\/span><\/strong><br \/>\nQuantidades totais:<br \/>\n7.559<\/p>\n<\/div>\n\t\t\t<\/div>\n<\/div>\n<div class=\"dnd_column_dd_span4 col4\">\n\n\t\t<div class=\"dnd_team_member\"><img decoding=\"async\" src=\"https:\/\/hsfamericana.com.br\/wp-content\/uploads\/2014\/09\/parto2.png\" alt=\"\"><a class=\"dnd_team_member_link\">\n\t\t\t<span class=\"dnd_team_member_name\"><\/span>\n\t\t\t<span class=\"dnd_team_member_position\"><\/span>\n\t\t<\/a>\n\t\t\t\t<div class=\"hsf-col2\">\n<p><strong><span style=\"color: #0072bc;\">Partos<\/span><\/strong><br \/>\nQuantidades totais:<br \/>\n717<\/p>\n<\/div>\n\t\t\t<\/div>\n<\/div>\n<div class=\"dnd_column_dd_span4 col4 last\">\n\n\t\t<div class=\"dnd_team_member\"><img decoding=\"async\" src=\"https:\/\/hsfamericana.com.br\/wp-content\/uploads\/2014\/09\/medicina2.png\" alt=\"\"><a class=\"dnd_team_member_link\">\n\t\t\t<span class=\"dnd_team_member_name\"><\/span>\n\t\t\t<span class=\"dnd_team_member_position\"><\/span>\n\t\t<\/a>\n\t\t\t\t<div class=\"hsf-col2\">\n<p><strong><span style=\"color: #0072bc;\">Medicina Nuclear (exames realizados)<\/span><\/strong><br \/>\nQuantidades totais:<br \/>\n2.471<\/p>\n<\/div>\n\t\t\t<\/div>\n<\/div>\n<\/div><\/div>\n\t\t\n\t\t\n\t<\/section>\n<div style=\"display: none;\">Hsf em n\u00fameros<\/div>\n<p>[\/vc_column_text][\/vc_column][\/vc_row]<\/p>\n","protected":false},"excerpt":{"rendered":"<p>[vc_row][vc_column][vc_column_text] Confira as conquistas em n\u00fameros do Hospital S\u00e3o Francisco no ano de 2024. &nbsp; Hsf em n\u00fameros [\/vc_column_text][\/vc_column][\/vc_row]<\/p>\n","protected":false},"author":2,"featured_media":0,"parent":0,"menu_order":0,"comment_status":"open","ping_status":"open","template":"hsf-numeros.php","meta":{"_acf_changed":false,"footnotes":""},"class_list":["post-201","page","type-page","status-publish","hentry"],"acf":[],"yoast_head":"<!-- This site is optimized with the Yoast SEO plugin v25.2 - https:\/\/yoast.com\/wordpress\/plugins\/seo\/ -->\n<title>HSF em n\u00fameros \u2022 Hospital S\u00e3o Francisco<\/title>\n<meta name=\"description\" content=\"HSF em n\u00fameros \u2022 Hospital S\u00e3o Francisco, HSF Americana, Hospital Americana, Americana, Hospital S\u00e3o Francisco, Banco de Sangue, Urologia, T\u00f3rax, Pulm\u00e3o.\" \/>\n<meta name=\"robots\" content=\"index, follow, max-snippet:-1, max-image-preview:large, max-video-preview:-1\" \/>\n<link rel=\"canonical\" href=\"https:\/\/hsfamericana.com.br\/index.php\/hsf-em-numeros\/\" \/>\n<meta property=\"og:locale\" content=\"pt_BR\" \/>\n<meta property=\"og:type\" content=\"article\" \/>\n<meta property=\"og:title\" content=\"HSF em n\u00fameros \u2022 Hospital S\u00e3o Francisco\" \/>\n<meta property=\"og:description\" content=\"HSF em n\u00fameros \u2022 Hospital S\u00e3o Francisco, HSF Americana, Hospital Americana, Americana, Hospital S\u00e3o Francisco, Banco de Sangue, Urologia, T\u00f3rax, Pulm\u00e3o.\" \/>\n<meta property=\"og:url\" content=\"https:\/\/hsfamericana.com.br\/index.php\/hsf-em-numeros\/\" \/>\n<meta property=\"og:site_name\" content=\"Hospital S\u00e3o Francisco de Americana\" \/>\n<meta property=\"article:modified_time\" content=\"2025-06-26T15:20:08+00:00\" \/>\n<meta name=\"twitter:label1\" content=\"Est. tempo de leitura\" \/>\n\t<meta name=\"twitter:data1\" content=\"1 minuto\" \/>\n<script type=\"application\/ld+json\" class=\"yoast-schema-graph\">{\"@context\":\"https:\/\/schema.org\",\"@graph\":[{\"@type\":\"WebPage\",\"@id\":\"https:\/\/hsfamericana.com.br\/index.php\/hsf-em-numeros\/\",\"url\":\"https:\/\/hsfamericana.com.br\/index.php\/hsf-em-numeros\/\",\"name\":\"HSF em n\u00fameros \u2022 Hospital S\u00e3o Francisco\",\"isPartOf\":{\"@id\":\"https:\/\/hsfamericana.com.br\/#website\"},\"datePublished\":\"2014-09-10T22:05:48+00:00\",\"dateModified\":\"2025-06-26T15:20:08+00:00\",\"description\":\"HSF em n\u00fameros \u2022 Hospital S\u00e3o Francisco, HSF Americana, Hospital Americana, Americana, Hospital S\u00e3o Francisco, Banco de Sangue, Urologia, T\u00f3rax, Pulm\u00e3o.\",\"breadcrumb\":{\"@id\":\"https:\/\/hsfamericana.com.br\/index.php\/hsf-em-numeros\/#breadcrumb\"},\"inLanguage\":\"pt-BR\",\"potentialAction\":[{\"@type\":\"ReadAction\",\"target\":[\"https:\/\/hsfamericana.com.br\/index.php\/hsf-em-numeros\/\"]}]},{\"@type\":\"BreadcrumbList\",\"@id\":\"https:\/\/hsfamericana.com.br\/index.php\/hsf-em-numeros\/#breadcrumb\",\"itemListElement\":[{\"@type\":\"ListItem\",\"position\":1,\"name\":\"In\u00edcio\",\"item\":\"https:\/\/hsfamericana.com.br\/\"},{\"@type\":\"ListItem\",\"position\":2,\"name\":\"HSF em n\u00fameros\"}]},{\"@type\":\"WebSite\",\"@id\":\"https:\/\/hsfamericana.com.br\/#website\",\"url\":\"https:\/\/hsfamericana.com.br\/\",\"name\":\"Hospital S\u00e3o Francisco de Americana\",\"description\":\"O mais completo da regi\u00e3o de Campinas\",\"potentialAction\":[{\"@type\":\"SearchAction\",\"target\":{\"@type\":\"EntryPoint\",\"urlTemplate\":\"https:\/\/hsfamericana.com.br\/?s={search_term_string}\"},\"query-input\":{\"@type\":\"PropertyValueSpecification\",\"valueRequired\":true,\"valueName\":\"search_term_string\"}}],\"inLanguage\":\"pt-BR\"}]}<\/script>\n<!-- \/ Yoast SEO plugin. -->","yoast_head_json":{"title":"HSF em n\u00fameros \u2022 Hospital S\u00e3o Francisco","description":"HSF em n\u00fameros \u2022 Hospital S\u00e3o Francisco, HSF Americana, Hospital Americana, Americana, Hospital S\u00e3o Francisco, Banco de Sangue, Urologia, T\u00f3rax, Pulm\u00e3o.","robots":{"index":"index","follow":"follow","max-snippet":"max-snippet:-1","max-image-preview":"max-image-preview:large","max-video-preview":"max-video-preview:-1"},"canonical":"https:\/\/hsfamericana.com.br\/index.php\/hsf-em-numeros\/","og_locale":"pt_BR","og_type":"article","og_title":"HSF em n\u00fameros \u2022 Hospital S\u00e3o Francisco","og_description":"HSF em n\u00fameros \u2022 Hospital S\u00e3o Francisco, HSF Americana, Hospital Americana, Americana, Hospital S\u00e3o Francisco, Banco de Sangue, Urologia, T\u00f3rax, Pulm\u00e3o.","og_url":"https:\/\/hsfamericana.com.br\/index.php\/hsf-em-numeros\/","og_site_name":"Hospital S\u00e3o Francisco de Americana","article_modified_time":"2025-06-26T15:20:08+00:00","twitter_misc":{"Est. tempo de leitura":"1 minuto"},"schema":{"@context":"https:\/\/schema.org","@graph":[{"@type":"WebPage","@id":"https:\/\/hsfamericana.com.br\/index.php\/hsf-em-numeros\/","url":"https:\/\/hsfamericana.com.br\/index.php\/hsf-em-numeros\/","name":"HSF em n\u00fameros \u2022 Hospital S\u00e3o Francisco","isPartOf":{"@id":"https:\/\/hsfamericana.com.br\/#website"},"datePublished":"2014-09-10T22:05:48+00:00","dateModified":"2025-06-26T15:20:08+00:00","description":"HSF em n\u00fameros \u2022 Hospital S\u00e3o Francisco, HSF Americana, Hospital Americana, Americana, Hospital S\u00e3o Francisco, Banco de Sangue, Urologia, T\u00f3rax, Pulm\u00e3o.","breadcrumb":{"@id":"https:\/\/hsfamericana.com.br\/index.php\/hsf-em-numeros\/#breadcrumb"},"inLanguage":"pt-BR","potentialAction":[{"@type":"ReadAction","target":["https:\/\/hsfamericana.com.br\/index.php\/hsf-em-numeros\/"]}]},{"@type":"BreadcrumbList","@id":"https:\/\/hsfamericana.com.br\/index.php\/hsf-em-numeros\/#breadcrumb","itemListElement":[{"@type":"ListItem","position":1,"name":"In\u00edcio","item":"https:\/\/hsfamericana.com.br\/"},{"@type":"ListItem","position":2,"name":"HSF em n\u00fameros"}]},{"@type":"WebSite","@id":"https:\/\/hsfamericana.com.br\/#website","url":"https:\/\/hsfamericana.com.br\/","name":"Hospital S\u00e3o Francisco de Americana","description":"O mais completo da regi\u00e3o de Campinas","potentialAction":[{"@type":"SearchAction","target":{"@type":"EntryPoint","urlTemplate":"https:\/\/hsfamericana.com.br\/?s={search_term_string}"},"query-input":{"@type":"PropertyValueSpecification","valueRequired":true,"valueName":"search_term_string"}}],"inLanguage":"pt-BR"}]}},"_links":{"self":[{"href":"https:\/\/hsfamericana.com.br\/index.php\/wp-json\/wp\/v2\/pages\/201","targetHints":{"allow":["GET"]}}],"collection":[{"href":"https:\/\/hsfamericana.com.br\/index.php\/wp-json\/wp\/v2\/pages"}],"about":[{"href":"https:\/\/hsfamericana.com.br\/index.php\/wp-json\/wp\/v2\/types\/page"}],"author":[{"embeddable":true,"href":"https:\/\/hsfamericana.com.br\/index.php\/wp-json\/wp\/v2\/users\/2"}],"replies":[{"embeddable":true,"href":"https:\/\/hsfamericana.com.br\/index.php\/wp-json\/wp\/v2\/comments?post=201"}],"version-history":[{"count":53,"href":"https:\/\/hsfamericana.com.br\/index.php\/wp-json\/wp\/v2\/pages\/201\/revisions"}],"predecessor-version":[{"id":6063,"href":"https:\/\/hsfamericana.com.br\/index.php\/wp-json\/wp\/v2\/pages\/201\/revisions\/6063"}],"wp:attachment":[{"href":"https:\/\/hsfamericana.com.br\/index.php\/wp-json\/wp\/v2\/media?parent=201"}],"curies":[{"name":"wp","href":"https:\/\/api.w.org\/{rel}","templated":true}]}}