{"id":245,"date":"2014-09-10T22:54:13","date_gmt":"2014-09-10T22:54:13","guid":{"rendered":"http:\/\/www.hsfamericana.com.br\/?page_id=245"},"modified":"2025-06-26T14:50:08","modified_gmt":"2025-06-26T14:50:08","slug":"palavra-do-presidente","status":"publish","type":"page","link":"https:\/\/hsfamericana.com.br\/index.php\/palavra-do-presidente\/","title":{"rendered":"Palavra do presidente"},"content":{"rendered":"<p>[vc_row][vc_column][vc_column_text]<\/p>\n<section class=\"dnd_section_dd \" style=\"\">\n\t\t\n\t\t<div class=\"dnd_section_content\"><div class=\"dnd_container\"><div class=\"dnd_column_dd_span4 col4 border\">\n\n\t\t<div class=\"dnd_team_member\"><img decoding=\"async\" src=\"https:\/\/www.hsfamericana.com.br\/wp-content\/uploads\/2014\/09\/02D70_9453-1.jpg\" alt=\"\"><a class=\"dnd_team_member_link\">\n\t\t\t<span class=\"dnd_team_member_name\"><\/span>\n\t\t\t<span class=\"dnd_team_member_position\"><\/span>\n\t\t<\/a>\n\t\t\t\t<p><span style=\"color: #0072bc;\"><strong>Douglas Apparecido Guzzo<\/strong><\/span><\/p>\n<div>\n<p style=\"font-weight: 400;\"><strong>13\u00ba Provedor (1999\u00a0\u2013 2017)<br \/>\n<\/strong><strong>1\u00ba Presidente\u00a0<\/strong><\/p>\n<p style=\"font-weight: 400;\"><strong>gest\u00e3o 2017 \u2013 2020<br \/>\n<\/strong><strong>gest\u00e3o 2020 \u2013 2023<br \/>\ngest\u00e3o 2023 \u2013 2026<br \/>\n<\/strong><\/p>\n<\/div>\n\t\t\t<\/div>\n<\/div>\n<div class=\"dnd_column_dd_span8 col8 last\">\n<p>&nbsp;<\/p>\n<p>Eu escolho este hospital. Afirmativa que me traz a certeza de estar \u201cFAZENDO\u201d e, respeitando sempre, o momento oportuno e data adequada.<\/p>\n<p>Este ano, em diversos dias, semanas, meses, vivemos uma expectativa e vis\u00f5es preocupantes em fun\u00e7\u00e3o aos nossos contratos como \u201cPrestadores de Servi\u00e7os\u201d. Assim deixamos o nosso \u201cChiquinho\u201d as suas realiza\u00e7\u00f5es, para adotar a empresa \u201cAssocia\u00e7\u00e3o Americanense de Sa\u00fade\u201d, uma das maiores em nossa cidade, e listamos os principais eventos realizados no ano de 2024.<\/p>\n<p>A <u>Revitaliza\u00e7\u00e3o da Pra\u00e7a Francisco Matarazzo<\/u>, em cumprimento ao contrato de ado\u00e7\u00e3o.<\/p>\n<p>O t\u00fanel que interliga os dois pr\u00e9dios denominado \u201c<u>Passarela dos Provedores<\/u>\u201d foi vital para as <u>instala\u00e7\u00f5es do novo Ambulat\u00f3rio<\/u>, que abriga 09 consult\u00f3rios, 02 salas cir\u00fargicas e 02 novos aparelhos para atender os <u>Servi\u00e7os de \u201cEndoscopia e Colonoscopia<\/u>\u201d. Portanto, jamais deixaremos de citar, a <u>colabora\u00e7\u00e3o do Grupo Not\u00e1veis<\/u>, formatado por empres\u00e1rios, sob a lideran\u00e7a do senhor Roberto Jos\u00e9 Fa\u00e9.<\/p>\n<p>Com a boa vontade interna do presidente e da secretaria executiva, bem como a colabora\u00e7\u00e3o de 22 anunciantes que proporcionaram custo zero, foi poss\u00edvel editar a hist\u00f3rica <u>Revista \u201c80 anos cuidando de gera\u00e7\u00f5es\u201d,<\/u> relato de fatos reais, mostrando a import\u00e2ncia do hospital e o que ele representa, como base para um futuro amarrado pela tecnologia.<\/p>\n<p>Foram iniciadas as <u>obras do Centro Alimentar<\/u>, projeto desenvolvido com o conceito de cozinha inteligente, e com apoio de um grupo de <u>colaboradores denominados \u201cAvatares<\/u>\u201d, com a participa\u00e7\u00e3o direta do senhor Marcelo Jos\u00e9 Marusso.<\/p>\n<p>O Hospital S\u00e3o Francisco de Americana, segue valorizando a <u>Certifica\u00e7\u00e3o do \u00faltimo n\u00edvel do selo Hospital Amigo do Idoso \u201cSelo Pleno<\/u>\u201d, mantendo seu comprometimento em ofertar um cuidado, cada vez mais qualificado para essa popula\u00e7\u00e3o, nessa fase t\u00e3o importante da vida.<\/p>\n<p>Reconhece e valoriza a participa\u00e7\u00e3o ativa de parceiros, profissionais m\u00e9dicos e colaboradores no crescimento e moderniza\u00e7\u00e3o da institui\u00e7\u00e3o, na conquista de n\u00fameros que o fizeram ser reconhecido como um hospital de excel\u00eancia em Americana e regi\u00e3o.\u00a0 Uma das suas principais caracter\u00edsticas \u00e9 o atendimento humanizado, raz\u00e3o pela qual eu escolho o Hospital S\u00e3o Francisco.<\/p>\n<p>Este boletim traduz e muito a performance da entidade, visto que j\u00e1 foi dado mais um passo \u201cFAZENDO\u201d.<\/p>\n<p>&nbsp;<\/p>\n<p>Americana, 25 de mar\u00e7o de 2025.<\/p>\n<p>&nbsp;<\/p>\n<p>Douglas Apparecido Guzzo<\/p>\n<p>Presidente<\/p>\n<\/div><\/div><\/div>\n\t\t\n\t\t\n\t<\/section>\n<div style=\"display: none;\">Palavra do provedor<\/div>\n<p>[\/vc_column_text][\/vc_column][\/vc_row]<\/p>\n","protected":false},"excerpt":{"rendered":"<p>[vc_row][vc_column][vc_column_text] \u00a0 Palavra do provedor [\/vc_column_text][\/vc_column][\/vc_row]<\/p>\n","protected":false},"author":2,"featured_media":0,"parent":0,"menu_order":0,"comment_status":"open","ping_status":"open","template":"palavradoprovedor.php","meta":{"_acf_changed":false,"footnotes":""},"class_list":["post-245","page","type-page","status-publish","hentry"],"acf":[],"yoast_head":"<!-- This site is optimized with the Yoast SEO plugin v25.2 - https:\/\/yoast.com\/wordpress\/plugins\/seo\/ -->\n<title>Palavra do provedor \u2022 Hospital S\u00e3o Francisco<\/title>\n<meta name=\"description\" content=\"Palavra do provedor \u2022 Hospital S\u00e3o Francisco, HSF Americana, Hospital Americana, Americana, Hospital S\u00e3o Francisco, Banco de Sangue, Urologia, T\u00f3rax, Pulm\u00e3o\" \/>\n<meta name=\"robots\" content=\"index, follow, max-snippet:-1, max-image-preview:large, max-video-preview:-1\" \/>\n<link rel=\"canonical\" href=\"https:\/\/hsfamericana.com.br\/index.php\/palavra-do-presidente\/\" \/>\n<meta property=\"og:locale\" content=\"pt_BR\" \/>\n<meta property=\"og:type\" content=\"article\" \/>\n<meta property=\"og:title\" content=\"Palavra do provedor \u2022 Hospital S\u00e3o Francisco\" \/>\n<meta property=\"og:description\" content=\"Palavra do provedor \u2022 Hospital S\u00e3o Francisco, HSF Americana, Hospital Americana, Americana, Hospital S\u00e3o Francisco, Banco de Sangue, Urologia, T\u00f3rax, Pulm\u00e3o\" \/>\n<meta property=\"og:url\" content=\"https:\/\/hsfamericana.com.br\/index.php\/palavra-do-presidente\/\" \/>\n<meta property=\"og:site_name\" content=\"Hospital S\u00e3o Francisco de Americana\" \/>\n<meta property=\"article:modified_time\" content=\"2025-06-26T14:50:08+00:00\" \/>\n<meta name=\"twitter:label1\" content=\"Est. tempo de leitura\" \/>\n\t<meta name=\"twitter:data1\" content=\"3 minutos\" \/>\n<script type=\"application\/ld+json\" class=\"yoast-schema-graph\">{\"@context\":\"https:\/\/schema.org\",\"@graph\":[{\"@type\":\"WebPage\",\"@id\":\"https:\/\/hsfamericana.com.br\/index.php\/palavra-do-presidente\/\",\"url\":\"https:\/\/hsfamericana.com.br\/index.php\/palavra-do-presidente\/\",\"name\":\"Palavra do provedor \u2022 Hospital S\u00e3o Francisco\",\"isPartOf\":{\"@id\":\"https:\/\/hsfamericana.com.br\/#website\"},\"datePublished\":\"2014-09-10T22:54:13+00:00\",\"dateModified\":\"2025-06-26T14:50:08+00:00\",\"description\":\"Palavra do provedor \u2022 Hospital S\u00e3o Francisco, HSF Americana, Hospital Americana, Americana, Hospital S\u00e3o Francisco, Banco de Sangue, Urologia, T\u00f3rax, Pulm\u00e3o\",\"breadcrumb\":{\"@id\":\"https:\/\/hsfamericana.com.br\/index.php\/palavra-do-presidente\/#breadcrumb\"},\"inLanguage\":\"pt-BR\",\"potentialAction\":[{\"@type\":\"ReadAction\",\"target\":[\"https:\/\/hsfamericana.com.br\/index.php\/palavra-do-presidente\/\"]}]},{\"@type\":\"BreadcrumbList\",\"@id\":\"https:\/\/hsfamericana.com.br\/index.php\/palavra-do-presidente\/#breadcrumb\",\"itemListElement\":[{\"@type\":\"ListItem\",\"position\":1,\"name\":\"In\u00edcio\",\"item\":\"https:\/\/hsfamericana.com.br\/\"},{\"@type\":\"ListItem\",\"position\":2,\"name\":\"Palavra do presidente\"}]},{\"@type\":\"WebSite\",\"@id\":\"https:\/\/hsfamericana.com.br\/#website\",\"url\":\"https:\/\/hsfamericana.com.br\/\",\"name\":\"Hospital S\u00e3o Francisco de Americana\",\"description\":\"O mais completo da regi\u00e3o de Campinas\",\"potentialAction\":[{\"@type\":\"SearchAction\",\"target\":{\"@type\":\"EntryPoint\",\"urlTemplate\":\"https:\/\/hsfamericana.com.br\/?s={search_term_string}\"},\"query-input\":{\"@type\":\"PropertyValueSpecification\",\"valueRequired\":true,\"valueName\":\"search_term_string\"}}],\"inLanguage\":\"pt-BR\"}]}<\/script>\n<!-- \/ Yoast SEO plugin. -->","yoast_head_json":{"title":"Palavra do provedor \u2022 Hospital S\u00e3o Francisco","description":"Palavra do provedor \u2022 Hospital S\u00e3o Francisco, HSF Americana, Hospital Americana, Americana, Hospital S\u00e3o Francisco, Banco de Sangue, Urologia, T\u00f3rax, Pulm\u00e3o","robots":{"index":"index","follow":"follow","max-snippet":"max-snippet:-1","max-image-preview":"max-image-preview:large","max-video-preview":"max-video-preview:-1"},"canonical":"https:\/\/hsfamericana.com.br\/index.php\/palavra-do-presidente\/","og_locale":"pt_BR","og_type":"article","og_title":"Palavra do provedor \u2022 Hospital S\u00e3o Francisco","og_description":"Palavra do provedor \u2022 Hospital S\u00e3o Francisco, HSF Americana, Hospital Americana, Americana, Hospital S\u00e3o Francisco, Banco de Sangue, Urologia, T\u00f3rax, Pulm\u00e3o","og_url":"https:\/\/hsfamericana.com.br\/index.php\/palavra-do-presidente\/","og_site_name":"Hospital S\u00e3o Francisco de Americana","article_modified_time":"2025-06-26T14:50:08+00:00","twitter_misc":{"Est. tempo de leitura":"3 minutos"},"schema":{"@context":"https:\/\/schema.org","@graph":[{"@type":"WebPage","@id":"https:\/\/hsfamericana.com.br\/index.php\/palavra-do-presidente\/","url":"https:\/\/hsfamericana.com.br\/index.php\/palavra-do-presidente\/","name":"Palavra do provedor \u2022 Hospital S\u00e3o Francisco","isPartOf":{"@id":"https:\/\/hsfamericana.com.br\/#website"},"datePublished":"2014-09-10T22:54:13+00:00","dateModified":"2025-06-26T14:50:08+00:00","description":"Palavra do provedor \u2022 Hospital S\u00e3o Francisco, HSF Americana, Hospital Americana, Americana, Hospital S\u00e3o Francisco, Banco de Sangue, Urologia, T\u00f3rax, Pulm\u00e3o","breadcrumb":{"@id":"https:\/\/hsfamericana.com.br\/index.php\/palavra-do-presidente\/#breadcrumb"},"inLanguage":"pt-BR","potentialAction":[{"@type":"ReadAction","target":["https:\/\/hsfamericana.com.br\/index.php\/palavra-do-presidente\/"]}]},{"@type":"BreadcrumbList","@id":"https:\/\/hsfamericana.com.br\/index.php\/palavra-do-presidente\/#breadcrumb","itemListElement":[{"@type":"ListItem","position":1,"name":"In\u00edcio","item":"https:\/\/hsfamericana.com.br\/"},{"@type":"ListItem","position":2,"name":"Palavra do presidente"}]},{"@type":"WebSite","@id":"https:\/\/hsfamericana.com.br\/#website","url":"https:\/\/hsfamericana.com.br\/","name":"Hospital S\u00e3o Francisco de Americana","description":"O mais completo da regi\u00e3o de Campinas","potentialAction":[{"@type":"SearchAction","target":{"@type":"EntryPoint","urlTemplate":"https:\/\/hsfamericana.com.br\/?s={search_term_string}"},"query-input":{"@type":"PropertyValueSpecification","valueRequired":true,"valueName":"search_term_string"}}],"inLanguage":"pt-BR"}]}},"_links":{"self":[{"href":"https:\/\/hsfamericana.com.br\/index.php\/wp-json\/wp\/v2\/pages\/245","targetHints":{"allow":["GET"]}}],"collection":[{"href":"https:\/\/hsfamericana.com.br\/index.php\/wp-json\/wp\/v2\/pages"}],"about":[{"href":"https:\/\/hsfamericana.com.br\/index.php\/wp-json\/wp\/v2\/types\/page"}],"author":[{"embeddable":true,"href":"https:\/\/hsfamericana.com.br\/index.php\/wp-json\/wp\/v2\/users\/2"}],"replies":[{"embeddable":true,"href":"https:\/\/hsfamericana.com.br\/index.php\/wp-json\/wp\/v2\/comments?post=245"}],"version-history":[{"count":32,"href":"https:\/\/hsfamericana.com.br\/index.php\/wp-json\/wp\/v2\/pages\/245\/revisions"}],"predecessor-version":[{"id":6059,"href":"https:\/\/hsfamericana.com.br\/index.php\/wp-json\/wp\/v2\/pages\/245\/revisions\/6059"}],"wp:attachment":[{"href":"https:\/\/hsfamericana.com.br\/index.php\/wp-json\/wp\/v2\/media?parent=245"}],"curies":[{"name":"wp","href":"https:\/\/api.w.org\/{rel}","templated":true}]}}