{"id":390,"date":"2014-09-17T11:36:29","date_gmt":"2014-09-17T11:36:29","guid":{"rendered":"http:\/\/www.hsfamericana.com.br\/?page_id=390"},"modified":"2024-08-05T11:45:26","modified_gmt":"2024-08-05T11:45:26","slug":"terceirizados","status":"publish","type":"page","link":"https:\/\/hsfamericana.com.br\/index.php\/terceirizados\/","title":{"rendered":"Terceirizados"},"content":{"rendered":"<p>[vc_row][vc_column][vc_column_text]<\/p>\n<div class=\"parceiros\">\n<section class=\"dnd_section_dd \" style=\"\">\n\t\t\n\t\t<div class=\"dnd_section_content\"><div class=\"dnd_container\"><div class=\"dnd_column_dd_span4 col4\">\n <img loading=\"lazy\" decoding=\"async\" class=\"aligncenter wp-image-325 size-medium\" src=\"https:\/\/hsfamericana.com.br\/wp-content\/uploads\/2014\/09\/logo-teste-300x200.jpg\" alt=\"logo-teste\" width=\"300\" height=\"200\" srcset=\"https:\/\/hsfamericana.com.br\/wp-content\/uploads\/2014\/09\/logo-teste-300x200.jpg 300w, https:\/\/hsfamericana.com.br\/wp-content\/uploads\/2014\/09\/logo-teste.jpg 345w\" sizes=\"auto, (max-width: 300px) 100vw, 300px\" \/><br \/>\n <\/div>\n <div class=\"dnd_column_dd_span8 col8 last text\"><strong>K. R. Servi\u00e7os Nefrol\u00f3gicos &#8211; Servi\u00e7o de Terapia Renal (Hemodi\u00e1lise)\u00a0<\/strong><br \/>\n A K. R. Servi\u00e7os Nefrol\u00f3gicos \u00e9 uma unidade terap\u00eautica substitutiva para realiza\u00e7\u00e3o de forma artificial no processo de filtra\u00e7\u00e3o desempenhado pelos rins, quando estes n\u00e3o apresentam correta funcionalidade.<br \/>\n Contamos com estrutura completa para oferecer atendimentos \u00e0s suas necessidades na \u00e1rea de nefrologia.<br \/>\n Nossos profissionais s\u00e3o qualificados e nossas instala\u00e7\u00f5es f\u00edsicas s\u00e3o modernas, garantindo um padr\u00e3o de atendimento similar em toda regi\u00e3o.<br \/>\n <strong>Telefones:<\/strong><br \/>\n (19) 3604-4279 ou 3407-8372.<br \/>\n <strong>E-mail:<\/strong><br \/>\n ctramericana@gmail.com<br \/>\n <strong>Hor\u00e1rio de atendimento:<\/strong><br \/>\n De segunda a s\u00e1bado das 06 \u00e0s 20h.<br \/>\n <\/div><\/div><\/div>\n\t\t\n\t\t\n\t<\/section>\n <div class=\"right-linie\">\n                                <span><\/span>\n                            <\/div><br \/>\n <section class=\"dnd_section_dd \" style=\"\">\n\t\t\n\t\t<div class=\"dnd_section_content\"><div class=\"dnd_container\"><div class=\"dnd_column_dd_span4 col4\">\n <img decoding=\"async\" class=\"aligncenter wp-image-396 size-full\" src=\"https:\/\/www.hsfamericana.com.br\/wp-content\/uploads\/2020\/06\/logo_digimax.jpg\" alt=\"Pasteur\" width=\"300\" \/><br \/>\n <\/div>\n <div class=\"dnd_column_dd_span8 col8 last text\">\n <strong>Digimax Medicina Diagn\u00f3stica<\/strong><br \/>\n A Digimax Medicina Diagn\u00f3stica fornece servi\u00e7os de Radiologia e Diagn\u00f3stico por imagem,<br \/>\n oferecendo tecnologia diferenciada e inovadora, atendendo com excel\u00eancia, focada na<br \/>\n qualidade para a plena satisfa\u00e7\u00e3o dos seus clientes.<\/p>\n<p><strong>Exames:<\/strong><br \/>\n &#8211; Tomografia Computadorizada<br \/>\n &#8211; Ultrassonografia Geral e Doppler<br \/>\n &#8211; Raios X Digital<br \/>\n &#8211; Mamografia Digital<br \/>\n &#8211; Resson\u00e2ncia Magn\u00e9tica<br \/>\n &#8211; Densitometria \u00f3ssea<\/p>\n<p><strong>Fone:<\/strong> (19) 3406-8855<br \/>\n <strong>E-mail: <\/strong>americana@digimaxdiagnostico.com.br<br \/>\n <strong>Hor\u00e1rio atendimento:<\/strong> segunda \u00e0 sexta das 7h \u00e0s 18h e aos s\u00e1bados das 07h \u00e0s 12h.<br \/>\n <\/div>\n <\/div><\/div>\n\t\t\n\t\t\n\t<\/section><div class=\"right-linie\">\n                                <span><\/span>\n                            <\/div><br \/>\n <section class=\"dnd_section_dd \" style=\"\">\n\t\t\n\t\t<div class=\"dnd_section_content\"><div class=\"dnd_container\"><div class=\"dnd_column_dd_span4 col4\">\n <img loading=\"lazy\" decoding=\"async\" class=\"wp-image-4708 aligncenter\" src=\"https:\/\/www.hsfamericana.com.br\/wp-content\/uploads\/2014\/09\/HSF-Hematologia.png\" alt=\"\" width=\"308\" height=\"211\" srcset=\"https:\/\/hsfamericana.com.br\/wp-content\/uploads\/2014\/09\/HSF-Hematologia.png 924w, https:\/\/hsfamericana.com.br\/wp-content\/uploads\/2014\/09\/HSF-Hematologia-768x526.png 768w\" sizes=\"auto, (max-width: 308px) 100vw, 308px\" \/><\/p>\n<\/div>\n <div class=\"dnd_column_dd_span8 col8 last text\">\n <strong>Servi\u00e7o de Medicina Transfusional (Banco de Sangue)<br \/>\n <\/strong>O Centro de Hematologia e Hemoterapia de Campinas inaugurou uma nova filial na cidade de Americana\/SP,\u00a0 em janeiro de 2024, sob as depend\u00eancias do Hospital S\u00e3o Francisco. O local que intenta fornecer sangue aos pacientes hospitalizados, trouxe ao mun\u00edcipio a primeira m\u00e1quina de af\u00e9rese, que separa os componentes do sangue por centrifuga\u00e7\u00e3o em seus componentes prim\u00e1rios ajudando, assertivamente, aos pacientes que na fila de espera da doa\u00e7\u00e3o de sangue, almejam componentes espec\u00edficos; a doa\u00e7\u00e3o de sangue \u00e9 um ato fundamental para o funcionamento de servi\u00e7os de sa\u00fade e hospitais e para salvar vidas.<\/p>\n<p><strong>Telefones:<br \/>\n <\/strong>(19) 3754-1310 e (19) 98122-1020.<\/p>\n<p><strong>E-mail:<br \/>\n <\/strong>www.centrodehematologia.med.br<br \/>\n bancosangueame@centrodehematologia.med.br<\/p>\n<p><strong>Hor\u00e1rio de atendimento:<br \/>\n <\/strong>De segunda a s\u00e1bado das 7h30 \u00e0s 12h30.<\/p>\n<p><strong>Local de atendimento:<br \/>\n <\/strong>Pra\u00e7a Francisco Matarazzo, Vila Galo, 60, Americana\/SP.<br \/>\n <\/div>\n <\/div><\/div>\n\t\t\n\t\t\n\t<\/section>\n <div class=\"right-linie\">\n                                <span><\/span>\n                            <\/div><br \/>\n <section class=\"dnd_section_dd \" style=\"\">\n\t\t\n\t\t<div class=\"dnd_section_content\"><div class=\"dnd_container\"><div class=\"dnd_column_dd_span4 col4\">\n <img loading=\"lazy\" decoding=\"async\" class=\"aligncenter wp-image-396 size-full\" src=\"https:\/\/hsfamericana.com.br\/wp-content\/uploads\/2014\/09\/caffe.jpg\" alt=\"caffe\" width=\"165\" height=\"118\" \/><\/p>\n<\/div>\n <div class=\"dnd_column_dd_span8 col8 last text\">\n <strong>Cafeteria Bourbon<\/strong><br \/>\n A Cafeteria Bourbon possui caf\u00e9s diferenciados e especiais, atendemos aos pacientes, visitantes e funcion\u00e1rios do hospital.<br \/>\n Al\u00e9m dos caf\u00e9s, a empresa fornece diversos tipos de salgados, assados, lanches naturais, bem como diversos tipos de bebidas como sucos naturais e enlatados, refrigerantes entre outros.<br \/>\n <strong>Telefone:<\/strong><br \/>\n (19) 3475-9900 ramal 2062.<br \/>\n <strong>Hor\u00e1rio de atendimento:<\/strong><br \/>\n De segunda a sexta-feira das 07 \u00e0s 21h.<br \/>\n Aos s\u00e1bados das 07 \u00e0s 16h.<br \/>\n <\/div>\n <\/div><\/div>\n\t\t\n\t\t\n\t<\/section>\n<\/div>\n<div class=\"right-linie\">\n                                <span><\/span>\n                            <\/div><br \/>\n <section class=\"dnd_section_dd \" style=\"\">\n\t\t\n\t\t<div class=\"dnd_section_content\"><div class=\"dnd_container\"><div class=\"dnd_column_dd_span4 col4\">\n <a href=\"https:\/\/www.hsfamericana.com.br\/wp-content\/uploads\/2024\/07\/download.png\"><img loading=\"lazy\" decoding=\"async\" class=\"alignnone wp-image-5338 size-medium\" src=\"https:\/\/www.hsfamericana.com.br\/wp-content\/uploads\/2024\/07\/download-300x300.png\" alt=\"\" width=\"300\" height=\"300\" srcset=\"https:\/\/hsfamericana.com.br\/wp-content\/uploads\/2024\/07\/download-300x300.png 300w, https:\/\/hsfamericana.com.br\/wp-content\/uploads\/2024\/07\/download-150x150.png 150w, https:\/\/hsfamericana.com.br\/wp-content\/uploads\/2024\/07\/download-768x768.png 768w, https:\/\/hsfamericana.com.br\/wp-content\/uploads\/2024\/07\/download-1024x1024.png 1024w, https:\/\/hsfamericana.com.br\/wp-content\/uploads\/2024\/07\/download.png 225w\" sizes=\"auto, (max-width: 300px) 100vw, 300px\" \/><\/a><\/p>\n<\/div>\n <div class=\"dnd_column_dd_span8 col8 last text\">\n <strong>Unicoo Laborat\u00f3rio<\/strong><br \/>\n O Unicoo \u00e9 um laborat\u00f3rio credenciado \u00e0 Unimed Santa B\u00e1rbara d&#8217;Oeste e Americana e disp\u00f5e de 5 unidades para atendimento de benefici\u00e1rios e clientes particulares. \u00c9 composto por especialistas altamente capacitados, com sistema pr\u00f3prio de gest\u00e3o de laudos e equipamentos de alta tecnologia, tudo isso para atender com rapidez e seguran\u00e7a.<\/p>\n<p> <strong>Endere\u00e7o:<\/strong><br \/>\n Av. Campos Sales, 555 &#8211; Jardim Girassol<br \/>\n <strong>Hor\u00e1rio de atendimento:<\/strong><br \/>\n Segunda a sexta-feira: 6h \u00e0s 17h<br \/>\n S\u00e1bado: 6h \u00e0s 11h<\/p>\n<p><strong>Endere\u00e7o:<\/strong><br \/>\n Av. Paulista, 469 &#8211; Vila Nossa Sra. de F\u00e1tima<br \/>\n <strong>Hor\u00e1rio de atendimento:<\/strong><br \/>\n Segunda a sexta-feira: 6h \u00e0s 14h<br \/>\n S\u00e1bado: 6h \u00e0s 11h<br \/>\n <\/div>\n <\/div><\/div>\n\t\t\n\t\t\n\t<\/section>\n<div class=\"right-linie\">\n                                <span><\/span>\n                            <\/div><br \/>\n<section class=\"dnd_section_dd \" style=\"\">\n\t\t\n\t\t<div class=\"dnd_section_content\"><div class=\"dnd_container\"><div class=\"dnd_column_dd_span4 col4\">\n<img loading=\"lazy\" decoding=\"async\" class=\"alignleft size-full wp-image-5376\" src=\"https:\/\/www.hsfamericana.com.br\/wp-content\/uploads\/2014\/09\/logo-vulnere.jpg\" alt=\"\" width=\"575\" height=\"255\" srcset=\"https:\/\/hsfamericana.com.br\/wp-content\/uploads\/2014\/09\/logo-vulnere.jpg 575w, https:\/\/hsfamericana.com.br\/wp-content\/uploads\/2014\/09\/logo-vulnere-768x340.jpg 768w\" sizes=\"auto, (max-width: 575px) 100vw, 575px\" \/><\/p>\n<p>&nbsp;<\/p>\n<p>&nbsp;<\/p>\n<p>&nbsp;<\/p>\n<p>&nbsp;<\/p>\n<p>&nbsp;<\/p>\n<p>&nbsp;<\/p>\n<\/div>\n<div class=\"dnd_column_dd_span8 col8 last text\">\n<p>A Vulnere \u00e9 um tratamento com c\u00e2mera hiperb\u00e1rica, qual utilizado da oxigenoterapia hiber\u00e1rica, uma modalidade terap\u00eautica, na qual o paciente respira oxig\u00eanio puro (100%), enquanto \u00e9 submetido a uma press\u00e3o 2 a 3 vezes a press\u00e3o atmosf\u00e9rica ao n\u00edvel do mar, no interior de uma c\u00e2mara hiperb\u00e1rica. Ela provoca um espetacular aumento na quantidade de oxig\u00eanio transportado pelo sangue, combatendo infecc\u00e7\u00f5es bacterianas e por fungos, compensa a defici\u00eancia de oxig\u00eanio decorrente de entupimentos de vasos sangu\u00edneos ou destrui\u00e7\u00e3o dos mesmos (como acontece em casos de esmagamento ou amputa\u00e7\u00e3o), normaliza feridas cr\u00f4nicas e agudas, neutraliza subst\u00e2ncias t\u00f3xicas e toxinas, potencializa a a\u00e7\u00e3o de alguns antibi\u00f3ticos, tornando-os mais eficientes no combate \u00e0s infec\u00e7\u00f5es e ativa as c\u00e9lulas relacionadas a cicatriza\u00e7\u00e3o de feridas complexas.<\/p>\n<p>Entre em contato com nossa equipe para saber mais:<br \/>\nTelefones: (19) 3475-9900 ramal 2049.<\/p>\n<\/div>\n<\/div><\/div>\n\t\t\n\t\t\n\t<\/section>\n<div style=\"display: none;\">Parceiros<\/div>\n<p>[\/vc_column_text][\/vc_column][\/vc_row]<\/p>\n","protected":false},"excerpt":{"rendered":"<p>[vc_row][vc_column][vc_column_text] Parceiros [\/vc_column_text][\/vc_column][\/vc_row]<\/p>\n","protected":false},"author":2,"featured_media":0,"parent":0,"menu_order":0,"comment_status":"open","ping_status":"open","template":"parceiros.php","meta":{"_acf_changed":false,"footnotes":""},"class_list":["post-390","page","type-page","status-publish","hentry"],"acf":[],"yoast_head":"<!-- This site is optimized with the Yoast SEO plugin v25.2 - https:\/\/yoast.com\/wordpress\/plugins\/seo\/ -->\n<title>Parceiros \u2022 Hospital S\u00e3o Francisco<\/title>\n<meta name=\"description\" content=\"Parceiros \u2022Hospital S\u00e3o Francisco, HSF Americana, Hospital Americana, Americana, Hospital S\u00e3o Francisco, Banco de Sangue, Urologia, T\u00f3rax, Pulm\u00e3o.\" \/>\n<meta name=\"robots\" content=\"index, follow, max-snippet:-1, max-image-preview:large, max-video-preview:-1\" \/>\n<link rel=\"canonical\" href=\"https:\/\/hsfamericana.com.br\/index.php\/terceirizados\/\" \/>\n<meta property=\"og:locale\" content=\"pt_BR\" \/>\n<meta property=\"og:type\" content=\"article\" \/>\n<meta property=\"og:title\" content=\"Parceiros \u2022 Hospital S\u00e3o Francisco\" \/>\n<meta property=\"og:description\" content=\"Parceiros \u2022Hospital S\u00e3o Francisco, HSF Americana, Hospital Americana, Americana, Hospital S\u00e3o Francisco, Banco de Sangue, Urologia, T\u00f3rax, Pulm\u00e3o.\" \/>\n<meta property=\"og:url\" content=\"https:\/\/hsfamericana.com.br\/index.php\/terceirizados\/\" \/>\n<meta property=\"og:site_name\" content=\"Hospital S\u00e3o Francisco de Americana\" \/>\n<meta property=\"article:modified_time\" content=\"2024-08-05T11:45:26+00:00\" \/>\n<meta property=\"og:image\" content=\"https:\/\/hsfamericana.com.br\/wp-content\/uploads\/2014\/09\/logo-teste-300x200.jpg\" \/>\n<meta name=\"twitter:label1\" content=\"Est. tempo de leitura\" \/>\n\t<meta name=\"twitter:data1\" content=\"4 minutos\" \/>\n<script type=\"application\/ld+json\" class=\"yoast-schema-graph\">{\"@context\":\"https:\/\/schema.org\",\"@graph\":[{\"@type\":\"WebPage\",\"@id\":\"https:\/\/hsfamericana.com.br\/index.php\/terceirizados\/\",\"url\":\"https:\/\/hsfamericana.com.br\/index.php\/terceirizados\/\",\"name\":\"Parceiros \u2022 Hospital S\u00e3o Francisco\",\"isPartOf\":{\"@id\":\"https:\/\/hsfamericana.com.br\/#website\"},\"primaryImageOfPage\":{\"@id\":\"https:\/\/hsfamericana.com.br\/index.php\/terceirizados\/#primaryimage\"},\"image\":{\"@id\":\"https:\/\/hsfamericana.com.br\/index.php\/terceirizados\/#primaryimage\"},\"thumbnailUrl\":\"https:\/\/hsfamericana.com.br\/wp-content\/uploads\/2014\/09\/logo-teste-300x200.jpg\",\"datePublished\":\"2014-09-17T11:36:29+00:00\",\"dateModified\":\"2024-08-05T11:45:26+00:00\",\"description\":\"Parceiros \u2022Hospital S\u00e3o Francisco, HSF Americana, Hospital Americana, Americana, Hospital S\u00e3o Francisco, Banco de Sangue, Urologia, T\u00f3rax, Pulm\u00e3o.\",\"breadcrumb\":{\"@id\":\"https:\/\/hsfamericana.com.br\/index.php\/terceirizados\/#breadcrumb\"},\"inLanguage\":\"pt-BR\",\"potentialAction\":[{\"@type\":\"ReadAction\",\"target\":[\"https:\/\/hsfamericana.com.br\/index.php\/terceirizados\/\"]}]},{\"@type\":\"ImageObject\",\"inLanguage\":\"pt-BR\",\"@id\":\"https:\/\/hsfamericana.com.br\/index.php\/terceirizados\/#primaryimage\",\"url\":\"https:\/\/hsfamericana.com.br\/wp-content\/uploads\/2014\/09\/logo-teste.jpg\",\"contentUrl\":\"https:\/\/hsfamericana.com.br\/wp-content\/uploads\/2014\/09\/logo-teste.jpg\",\"width\":345,\"height\":231},{\"@type\":\"BreadcrumbList\",\"@id\":\"https:\/\/hsfamericana.com.br\/index.php\/terceirizados\/#breadcrumb\",\"itemListElement\":[{\"@type\":\"ListItem\",\"position\":1,\"name\":\"In\u00edcio\",\"item\":\"https:\/\/hsfamericana.com.br\/\"},{\"@type\":\"ListItem\",\"position\":2,\"name\":\"Terceirizados\"}]},{\"@type\":\"WebSite\",\"@id\":\"https:\/\/hsfamericana.com.br\/#website\",\"url\":\"https:\/\/hsfamericana.com.br\/\",\"name\":\"Hospital S\u00e3o Francisco de Americana\",\"description\":\"O mais completo da regi\u00e3o de Campinas\",\"potentialAction\":[{\"@type\":\"SearchAction\",\"target\":{\"@type\":\"EntryPoint\",\"urlTemplate\":\"https:\/\/hsfamericana.com.br\/?s={search_term_string}\"},\"query-input\":{\"@type\":\"PropertyValueSpecification\",\"valueRequired\":true,\"valueName\":\"search_term_string\"}}],\"inLanguage\":\"pt-BR\"}]}<\/script>\n<!-- \/ Yoast SEO plugin. -->","yoast_head_json":{"title":"Parceiros \u2022 Hospital S\u00e3o Francisco","description":"Parceiros \u2022Hospital S\u00e3o Francisco, HSF Americana, Hospital Americana, Americana, Hospital S\u00e3o Francisco, Banco de Sangue, Urologia, T\u00f3rax, Pulm\u00e3o.","robots":{"index":"index","follow":"follow","max-snippet":"max-snippet:-1","max-image-preview":"max-image-preview:large","max-video-preview":"max-video-preview:-1"},"canonical":"https:\/\/hsfamericana.com.br\/index.php\/terceirizados\/","og_locale":"pt_BR","og_type":"article","og_title":"Parceiros \u2022 Hospital S\u00e3o Francisco","og_description":"Parceiros \u2022Hospital S\u00e3o Francisco, HSF Americana, Hospital Americana, Americana, Hospital S\u00e3o Francisco, Banco de Sangue, Urologia, T\u00f3rax, Pulm\u00e3o.","og_url":"https:\/\/hsfamericana.com.br\/index.php\/terceirizados\/","og_site_name":"Hospital S\u00e3o Francisco de Americana","article_modified_time":"2024-08-05T11:45:26+00:00","og_image":[{"url":"https:\/\/hsfamericana.com.br\/wp-content\/uploads\/2014\/09\/logo-teste-300x200.jpg","type":"","width":"","height":""}],"twitter_misc":{"Est. tempo de leitura":"4 minutos"},"schema":{"@context":"https:\/\/schema.org","@graph":[{"@type":"WebPage","@id":"https:\/\/hsfamericana.com.br\/index.php\/terceirizados\/","url":"https:\/\/hsfamericana.com.br\/index.php\/terceirizados\/","name":"Parceiros \u2022 Hospital S\u00e3o Francisco","isPartOf":{"@id":"https:\/\/hsfamericana.com.br\/#website"},"primaryImageOfPage":{"@id":"https:\/\/hsfamericana.com.br\/index.php\/terceirizados\/#primaryimage"},"image":{"@id":"https:\/\/hsfamericana.com.br\/index.php\/terceirizados\/#primaryimage"},"thumbnailUrl":"https:\/\/hsfamericana.com.br\/wp-content\/uploads\/2014\/09\/logo-teste-300x200.jpg","datePublished":"2014-09-17T11:36:29+00:00","dateModified":"2024-08-05T11:45:26+00:00","description":"Parceiros \u2022Hospital S\u00e3o Francisco, HSF Americana, Hospital Americana, Americana, Hospital S\u00e3o Francisco, Banco de Sangue, Urologia, T\u00f3rax, Pulm\u00e3o.","breadcrumb":{"@id":"https:\/\/hsfamericana.com.br\/index.php\/terceirizados\/#breadcrumb"},"inLanguage":"pt-BR","potentialAction":[{"@type":"ReadAction","target":["https:\/\/hsfamericana.com.br\/index.php\/terceirizados\/"]}]},{"@type":"ImageObject","inLanguage":"pt-BR","@id":"https:\/\/hsfamericana.com.br\/index.php\/terceirizados\/#primaryimage","url":"https:\/\/hsfamericana.com.br\/wp-content\/uploads\/2014\/09\/logo-teste.jpg","contentUrl":"https:\/\/hsfamericana.com.br\/wp-content\/uploads\/2014\/09\/logo-teste.jpg","width":345,"height":231},{"@type":"BreadcrumbList","@id":"https:\/\/hsfamericana.com.br\/index.php\/terceirizados\/#breadcrumb","itemListElement":[{"@type":"ListItem","position":1,"name":"In\u00edcio","item":"https:\/\/hsfamericana.com.br\/"},{"@type":"ListItem","position":2,"name":"Terceirizados"}]},{"@type":"WebSite","@id":"https:\/\/hsfamericana.com.br\/#website","url":"https:\/\/hsfamericana.com.br\/","name":"Hospital S\u00e3o Francisco de Americana","description":"O mais completo da regi\u00e3o de Campinas","potentialAction":[{"@type":"SearchAction","target":{"@type":"EntryPoint","urlTemplate":"https:\/\/hsfamericana.com.br\/?s={search_term_string}"},"query-input":{"@type":"PropertyValueSpecification","valueRequired":true,"valueName":"search_term_string"}}],"inLanguage":"pt-BR"}]}},"_links":{"self":[{"href":"https:\/\/hsfamericana.com.br\/index.php\/wp-json\/wp\/v2\/pages\/390","targetHints":{"allow":["GET"]}}],"collection":[{"href":"https:\/\/hsfamericana.com.br\/index.php\/wp-json\/wp\/v2\/pages"}],"about":[{"href":"https:\/\/hsfamericana.com.br\/index.php\/wp-json\/wp\/v2\/types\/page"}],"author":[{"embeddable":true,"href":"https:\/\/hsfamericana.com.br\/index.php\/wp-json\/wp\/v2\/users\/2"}],"replies":[{"embeddable":true,"href":"https:\/\/hsfamericana.com.br\/index.php\/wp-json\/wp\/v2\/comments?post=390"}],"version-history":[{"count":57,"href":"https:\/\/hsfamericana.com.br\/index.php\/wp-json\/wp\/v2\/pages\/390\/revisions"}],"predecessor-version":[{"id":5377,"href":"https:\/\/hsfamericana.com.br\/index.php\/wp-json\/wp\/v2\/pages\/390\/revisions\/5377"}],"wp:attachment":[{"href":"https:\/\/hsfamericana.com.br\/index.php\/wp-json\/wp\/v2\/media?parent=390"}],"curies":[{"name":"wp","href":"https:\/\/api.w.org\/{rel}","templated":true}]}}