{"id":4430,"date":"2021-08-02T00:07:57","date_gmt":"2021-08-02T00:07:57","guid":{"rendered":"https:\/\/www.hsfamericana.com.br\/index.php\/politica-de-privacidade-2\/"},"modified":"2021-08-02T00:07:57","modified_gmt":"2021-08-02T00:07:57","slug":"politica-de-privacidade-2","status":"publish","type":"page","link":"https:\/\/hsfamericana.com.br\/index.php\/politica-de-privacidade-2\/","title":{"rendered":"AVISO DE PRIVACIDADE"},"content":{"rendered":"<p>[vc_row][vc_column][vc_column_text]<\/p>\n<p>\u00daltima Atualiza\u00e7\u00e3o:\u00a022 de Novembro de 2022<\/p>\n<p>Ol\u00e1! Seja Bem-vindo(a) ao Portal do Hospital S\u00e3o Francisco de Americana!<\/p>\n<p>Inicialmente, agradecemos muito a sua visita! Saiba que quando voc\u00ea ingressa em nosso portal, voc\u00ea nos confia seus dados e informa\u00e7\u00f5es. Nos comprometemos a manter essa confian\u00e7a.\u00a0<\/p>\n<p>Nosso Aviso de Privacidade\u00a0 explicar\u00e1 a voc\u00ea, de forma clara e acess\u00edvel, quais ser\u00e3o as suas informa\u00e7\u00f5es e dados coletados, com quem ser\u00e3o compartilhados e em que locais ser\u00e3o armazenados.<\/p>\n<p>O DPOnet, inscrito no CNPJ sob o n\u00ba 36.487.128\/0001-79, foi nomeado como nosso encarregado de dados. Assim, ele est\u00e1 apto a exercer todas as fun\u00e7\u00f5es e atribui\u00e7\u00f5es do cargo, previstas na LGPD.<\/p>\n<p>Caso voc\u00ea deseje exercer qualquer um de seus direitos, expressos na LGPD, basta clicar no Selo \u201cDados Pessoais Protegidos\u201d em nosso site e preencher o \u201cFormul\u00e1rio de Atendimento ao titular de dados\u201d.<\/p>\n<p>Ao acessar e navegar por nosso portal, voc\u00ea aceita nosso Aviso, estando ciente e em total acordo com a forma como utilizaremos as suas informa\u00e7\u00f5es e seus dados.<\/p>\n<p>Salientamos que o presente documento deve ser lido em conson\u00e2ncia com os nossos<strong> <a href=\"https:\/\/www.hsfamericana.com.br\/index.php\/termos-de-uso\/\">Termos de Uso<\/a><\/strong>, pois l\u00e1 voc\u00ea encontra uma vis\u00e3o geral da nossa plataforma. Caso tenha d\u00favidas, voc\u00ea poder\u00e1 entrar em contato conosco atrav\u00e9s do canal: gestaolgpd@hsfamericana.com.br.<\/p>\n<p>Para facilitar a sua compreens\u00e3o, saiba que nosso Aviso est\u00e1 organizado da seguinte forma:<\/p>\n<p>&nbsp;<\/p>\n<table style=\"height: 399px;\" border=\"1\" width=\"429\" cellspacing=\"0\" cellpadding=\"0\">\n<tbody>\n<tr style=\"height: 56px;\">\n<td style=\"width: 103.938px; height: 56px;\" valign=\"top\">\n<p align=\"center\"><strong>1.<\/strong><\/p>\n<\/td>\n<td style=\"width: 319.062px; height: 56px;\" valign=\"top\">\n<p align=\"center\"><strong>Informa\u00e7\u00f5es Coletadas<\/strong><\/p>\n<\/td>\n<\/tr>\n<tr style=\"height: 56px;\">\n<td style=\"width: 103.938px; height: 56px;\" valign=\"top\">\n<p align=\"center\"><strong>2.<\/strong><\/p>\n<\/td>\n<td style=\"width: 319.062px; height: 56px;\" valign=\"top\">\n<p align=\"center\"><strong>Como usamos seus dados<\/strong><\/p>\n<\/td>\n<\/tr>\n<tr style=\"height: 56px;\">\n<td style=\"width: 103.938px; height: 56px;\" valign=\"top\">\n<p align=\"center\"><strong>3.<\/strong><\/p>\n<\/td>\n<td style=\"width: 319.062px; height: 56px;\" valign=\"top\">\n<p align=\"center\"><strong>Compartilhamento de Dados<\/strong><\/p>\n<\/td>\n<\/tr>\n<tr style=\"height: 56px;\">\n<td style=\"width: 103.938px; height: 56px;\" valign=\"top\">\n<p align=\"center\"><strong>4.<\/strong><\/p>\n<\/td>\n<td style=\"width: 319.062px; height: 56px;\" valign=\"top\">\n<p align=\"center\"><strong>Direitos dos Titulares<\/strong><\/p>\n<\/td>\n<\/tr>\n<tr style=\"height: 56px;\">\n<td style=\"width: 103.938px; height: 56px;\" valign=\"top\">\n<p align=\"center\"><strong>5.<\/strong><\/p>\n<\/td>\n<td style=\"width: 319.062px; height: 56px;\" valign=\"top\">\n<p align=\"center\"><strong>Prote\u00e7\u00e3o das suas informa\u00e7\u00f5es<\/strong><\/p>\n<\/td>\n<\/tr>\n<tr style=\"height: 56px;\">\n<td style=\"width: 103.938px; height: 56px;\" valign=\"top\">\n<p align=\"center\"><strong>6.<\/strong><\/p>\n<\/td>\n<td style=\"width: 319.062px; height: 56px;\" valign=\"top\">\n<p align=\"center\"><strong>Atualiza\u00e7\u00e3o da nossa\u00a0Aviso<\/strong><\/p>\n<\/td>\n<\/tr>\n<tr style=\"height: 56px;\">\n<td style=\"width: 103.938px; height: 56px;\" valign=\"top\">\n<p align=\"center\"><strong>7.<\/strong><\/p>\n<\/td>\n<td style=\"width: 319.062px; height: 56px;\" valign=\"top\">\n<p align=\"center\"><strong>Legisla\u00e7\u00e3o Aplic\u00e1vel<\/strong><\/p>\n<\/td>\n<\/tr>\n<\/tbody>\n<\/table>\n<p>&nbsp;<\/p>\n<p>[\/vc_column_text][vc_column_text]<\/p>\n<p><strong>1.\u00a0INFORMA\u00c7\u00d5ES QUE COLETAMOS<\/strong><\/p>\n<p>Para que navegue em nosso portal, n\u00f3s coletamos os seguintes tipos de informa\u00e7\u00f5es<\/p>\n<p><strong>\u00a01.1 Informa\u00e7\u00f5es fornecidas por voc\u00ea:<\/strong><\/p>\n<ul>\n<li><u>Dados de contato<\/u> Quando voc\u00ea entra em contato conosco pelo nosso site, voc\u00ea nos fornece as seguintes informa\u00e7\u00f5es a depender do tipo de intera\u00e7\u00e3o que tivermos como: Endere\u00e7o de e-mail, n\u00famero de telefone, endere\u00e7o de envio, nome, CTPS, RG, PIS, CPF, idade, faixa et\u00e1ria de idade, data de nascimento, g\u00eanero e estado civil, data, estes dados preenchidos e informados ao Hospital S\u00e3o Francisco de Americana, apenas ser\u00e3o utilizados efetivamente para atingir as finalidades desejadas como exemplo, esses dados s\u00e3o coletados no momento em que se cadastra em nosso site para d\u00favidas e sugest\u00f5es ou para a op\u00e7\u00e3o trabalhe conosco e nos envia seu curr\u00edculo ou para entrar em contato e fazer solicita\u00e7\u00e3o de proposta para adquirir conv\u00eanio.<\/li>\n<\/ul>\n<p><strong>1.2 Informa\u00e7\u00f5es geradas automaticamente:<\/strong><\/p>\n<ul>\n<li><u>Registros de acesso<\/u> O Hospital S\u00e3o Francisco de Americana coleta de forma autom\u00e1tica os registros de acesso a aplica\u00e7\u00e3o, que podem incluir o endere\u00e7o IP, com data e hora, utilizado para acessar o site do Hospital S\u00e3o Francisco de Americana. Esses dados s\u00e3o de coleta obrigat\u00f3ria, conforme estipulado pela Lei 12.965\/2014, mas ser\u00e3o fornecidos para terceiros apenas com a sua autoriza\u00e7\u00e3o expressa ou em raz\u00e3o de decis\u00e3o judicial.<\/li>\n<\/ul>\n<ul>\n<li><a id=\"_tyjcwt\" name=\"_tyjcwt\"><\/a><u>Comunica\u00e7\u00f5es com o Hospital S\u00e3o Francisco de Americana <\/u>Quando voc\u00ea se comunica com o Hospital S\u00e3o Francisco de Americana, coletamos informa\u00e7\u00f5es sobre sua comunica\u00e7\u00e3o, incluindo metadados como data, IP e hora das comunica\u00e7\u00f5es e todo o seu conte\u00fado, assim como qualquer informa\u00e7\u00e3o que voc\u00ea escolha fornecer.<\/li>\n<\/ul>\n<ul>\n<li><u>Cookies e tecnologias semelhantes<\/u> N\u00f3s utilizamos cookies, isto \u00e9, arquivos de texto gerados e armazenados no seu navegador ou aparelho por sites, aplicativos e an\u00fancios online, isso facilita a comunica\u00e7\u00e3o de seu navegador e nosso site para melhorar a experi\u00eancia de navega\u00e7\u00e3o do Titular.<\/li>\n<\/ul>\n<p>[\/vc_column_text][vc_column_text]<\/p>\n<p><strong>2. <\/strong><strong>COMO USAMOS SEUS DADOS<\/strong><strong>\u00a0<\/strong><\/p>\n<p>N\u00f3s prezamos muito pela sua privacidade e \u00e9 justamente por isso que todos os dados e informa\u00e7\u00f5es sobre voc\u00ea s\u00e3o tratados com a mais alta confidencialidade, sendo usados somente para os fins ora descritos e por voc\u00ea conhecidos e autorizados.<\/p>\n<p><strong>2.1 Usos autorizados<\/strong><\/p>\n<p>Poderemos utilizar seus dados para:<\/p>\n<ul>\n<li>Permitir que voc\u00ea acesse e utilize todas as funcionalidades do nosso portal;<\/li>\n<li>Cumprir obriga\u00e7\u00f5es legais.<\/li>\n<li>Enviar mensagens, alertas, notifica\u00e7\u00f5es e atualiza\u00e7\u00f5es a respeito de suporte ou servi\u00e7o prestado, produtos, servi\u00e7os, promo\u00e7\u00f5es, not\u00edcias, atualiza\u00e7\u00f5es, eventos e outros assuntos que voc\u00ea possa ter interesse;<\/li>\n<li>Detec\u00e7\u00e3o e preven\u00e7\u00e3o de fraudes, <em>spam<\/em> e incidentes de seguran\u00e7a;<\/li>\n<li>Verificar ou autenticar as informa\u00e7\u00f5es fornecidas por voc\u00ea, inclusive comparando a dados coletados de outras fontes;<\/li>\n<li>Para qualquer fim que voc\u00ea autorizar no momento da coleta de dados;<\/li>\n<\/ul>\n<p>Poderemos, eventualmente, utilizar dados para finalidades diversas das previstas neste Aviso\u00a0de privacidade, mas todas elas estar\u00e3o dentro das suas leg\u00edtimas expectativas. O eventual uso dos seus dados para finalidades que n\u00e3o cumpram com essa prerrogativa ser\u00e1 feito mediante sua autoriza\u00e7\u00e3o pr\u00e9via.<\/p>\n<p><em>Caso voc\u00ea n\u00e3o tenha entendido como utilizaremos seus dados, ficaremos felizes em esclarecer. Voc\u00ea poder\u00e1 preencher o Formul\u00e1rio de Atendimento ao titular e para acess\u00e1-lo basta clicar no Selo de Dados Pessoais Protegidos em nossa p\u00e1gina.<\/em><\/p>\n<p>&nbsp;<\/p>\n<p>2.2 Exclus\u00e3o dos dados<\/p>\n<p>Todos os dados coletados ser\u00e3o exclu\u00eddos de nossos servidores mediante sua requisi\u00e7\u00e3o, por procedimento gratuito e facilitado, ou quando estes deixarem de ser necess\u00e1rios ou relevantes para o oferecimento de nossos servi\u00e7os, salvo se houver qualquer outra raz\u00e3o para a sua manuten\u00e7\u00e3o, como eventual obriga\u00e7\u00e3o legal de reten\u00e7\u00e3o de dados ou necessidade de preserva\u00e7\u00e3o destes para resguardo de direitos do Hospital S\u00e3o Francisco de Americana.<\/p>\n<p>[\/vc_column_text][vc_column_text]<\/p>\n<p><strong>3. COMPARTILHAMENTO DAS INFORMA\u00c7\u00d5ES<\/strong><\/p>\n<p>Todas as informa\u00e7\u00f5es que armazenamos sobre voc\u00ea podem ser consideradas ativos no caso de negocia\u00e7\u00f5es em que o Hospital S\u00e3o Francisco de Americana fizer parte. Nesse sentido, nos reservamos no direito de, por exemplo, incluir seus dados dentre os ativos da empresa caso esta venha a ser vendida, adquirida ou fundida com outra. <strong>Por meio deste Aviso voc\u00ea concorda e est\u00e1 ciente desta possibilidade.<\/strong><\/p>\n<p>O Hospital S\u00e3o Francisco de Americana dever\u00e1 fornecer seus dados e informa\u00e7\u00f5es, caso seja requisitado por meio de decis\u00e3o judicial.<\/p>\n<p>[\/vc_column_text][vc_column_text]<\/p>\n<p><strong>4. DIREITOS DOS TITULARES<\/strong><strong>\u00a0<\/strong><\/p>\n<p>A Lei Geral de Prote\u00e7\u00e3o de Dados estabelece que o titular tem o direito de obter do controlador, em rela\u00e7\u00e3o \u00e0s suas informa\u00e7\u00f5es pessoais por ele tratados, a qualquer momento e mediante requisi\u00e7\u00e3o:<\/p>\n<ul>\n<li>A confirma\u00e7\u00e3o da exist\u00eancia de tratamento;<\/li>\n<li>Acesso aos dados;<\/li>\n<li>Corre\u00e7\u00e3o de dados incompletos, inexatos ou desatualizados;<\/li>\n<li>Anonimiza\u00e7\u00e3o, bloqueio ou elimina\u00e7\u00e3o de dados desnecess\u00e1rios ou tratados em desconformidade com a Lei;<\/li>\n<li>Portabilidade dos dados;<\/li>\n<li>Elimina\u00e7\u00e3o dos dados pessoais tratados com o seu consentimento;<\/li>\n<li>Informa\u00e7\u00f5es das entidades p\u00fablicas e privadas com as quais o controlador realizou uso compartilhado de dados;<\/li>\n<li>Informa\u00e7\u00f5es sobre a possibilidade de n\u00e3o fornecer seu consentimento e as consequ\u00eancias da negativa;<\/li>\n<li>Revoga\u00e7\u00e3o do consentimento, conforme previsto no art. 8\u00ba, \u00a75\u00ba, da LGPD.<\/li>\n<\/ul>\n<p>&nbsp;<\/p>\n<p>Caso o titular de dados queira exercer qualquer um de seus direitos expressos na LGPD, bem como tirar d\u00favidas referentes a esta documenta\u00e7\u00e3o, basta clicar no <strong>Selo Dados Pessoais Protegidos<\/strong> em nosso site e preencher o <strong>\u201cFormul\u00e1rio de Atendimento ao titular de dados\u201d<\/strong>.<\/p>\n<p>Por meio do Selo, qualquer interessado \u00e9 direcionado ao Portal Privacidade&amp;Voc\u00ea e pode verificar a autenticidade da adequa\u00e7\u00e3o da empresa \u00e0 LGPD, inclusive, podendo verificar: a \u00faltima revis\u00e3o de seus mecanismos de controle com a exibi\u00e7\u00e3o da data e hora em que foi feita a revis\u00e3o; aos avisos de privacidade da empresa; o meio de contato dos titulares de dados dados; e o meio de contato da ANPD.<\/p>\n<p>[\/vc_column_text][vc_column_text]<\/p>\n<p><strong>5. SEGURAN\u00c7A DAS INFORMA\u00c7\u00d5ES<\/strong><\/p>\n<p>Todos os seus dados s\u00e3o confidenciais e somente as pessoas com as devidas autoriza\u00e7\u00f5es ter\u00e3o acesso a eles. O Hospital S\u00e3o Francisco de Americana empenha todos os esfor\u00e7os razo\u00e1veis de mercado para garantir a seguran\u00e7a dos nossos sistemas e dos seus dados. Nossos servidores est\u00e3o localizados em diferentes locais para garantir estabilidade e seguran\u00e7a, e somente podem ser acessados por meio de canais de comunica\u00e7\u00e3o previamente autorizados.<\/p>\n<p>Todas as suas informa\u00e7\u00f5es ser\u00e3o, sempre que poss\u00edvel, criptografadas, caso n\u00e3o inviabilizem o seu uso pela plataforma. A qualquer momento voc\u00ea poder\u00e1 requisitar c\u00f3pia dos seus dados armazenados em nossos sistemas. Manteremos os dados e informa\u00e7\u00f5es somente at\u00e9 quando estas forem necess\u00e1rias ou relevantes para as finalidades descritas neste Aviso, ou em caso de per\u00edodos pr\u00e9-determinados por lei, ou at\u00e9 quando estas forem necess\u00e1rias para a manuten\u00e7\u00e3o de interesses leg\u00edtimos do Hospital S\u00e3o Francisco de Americana.<\/p>\n<p>Importante esclarecer que n\u00e3o temos como garantir que todos os seus dados em nossa plataforma estar\u00e3o livres de acessos n\u00e3o autorizados, principalmente caso haja compartilhamento indevido das credenciais necess\u00e1rias para acessar o nosso portal.<\/p>\n<p>[\/vc_column_text][vc_column_text]<\/p>\n<p><strong>6. ATUALIZA\u00c7\u00d5ES DA NOSSO AVISO<\/strong><\/p>\n<p>O Hospital S\u00e3o Francisco de Americana se reserva no direito de atualizar o nosso Aviso de Privacidade quantas vezes forem necess\u00e1rias, a fim de fornecer a voc\u00ea informa\u00e7\u00f5es mais seguras e melhorar cada vez mais a sua experi\u00eancia.<\/p>\n<p>[\/vc_column_text][vc_column_text]<\/p>\n<p><strong>7. LEGISLA\u00c7\u00c3O APLIC\u00c1VEL<\/strong><\/p>\n<p>Este documento \u00e9 regido e deve ser interpretado conforme as leis e atos normativos que comp\u00f5em o ordenamento jur\u00eddico brasileiro.\u00a0 Fica eleito o Foro da Comarca de Americana, S\u00e3o Paulo, como o competente para dirimir eventuais quest\u00f5es oriundas do presente documento, com expressa ren\u00fancia a qualquer outro.<\/p>\n<p>[\/vc_column_text][\/vc_column][\/vc_row]<\/p>\n","protected":false},"excerpt":{"rendered":"<p>[vc_row][vc_column][vc_column_text] \u00daltima Atualiza\u00e7\u00e3o:\u00a022 de Novembro de 2022 Ol\u00e1! Seja Bem-vindo(a) ao Portal do Hospital S\u00e3o Francisco de Americana! Inicialmente, agradecemos muito a sua visita! Saiba que quando voc\u00ea ingressa em nosso portal, voc\u00ea nos confia seus dados e informa\u00e7\u00f5es. Nos comprometemos a manter essa confian\u00e7a.\u00a0 Nosso Aviso de Privacidade\u00a0 explicar\u00e1 a voc\u00ea, de forma clara [&hellip;]<\/p>\n","protected":false},"author":4,"featured_media":0,"parent":0,"menu_order":0,"comment_status":"closed","ping_status":"closed","template":"padrao.php","meta":{"_acf_changed":false,"footnotes":""},"class_list":["post-4430","page","type-page","status-publish","hentry"],"acf":[],"yoast_head":"<!-- This site is optimized with the Yoast SEO plugin v25.2 - https:\/\/yoast.com\/wordpress\/plugins\/seo\/ -->\n<title>AVISO DE PRIVACIDADE &#8226; Hospital S\u00e3o Francisco de Americana<\/title>\n<meta name=\"robots\" content=\"index, follow, max-snippet:-1, max-image-preview:large, max-video-preview:-1\" \/>\n<link rel=\"canonical\" href=\"https:\/\/hsfamericana.com.br\/index.php\/politica-de-privacidade-2\/\" \/>\n<meta property=\"og:locale\" content=\"pt_BR\" \/>\n<meta property=\"og:type\" content=\"article\" \/>\n<meta property=\"og:title\" content=\"AVISO DE PRIVACIDADE &#8226; Hospital S\u00e3o Francisco de Americana\" \/>\n<meta property=\"og:description\" content=\"[vc_row][vc_column][vc_column_text] \u00daltima Atualiza\u00e7\u00e3o:\u00a022 de Novembro de 2022 Ol\u00e1! Seja Bem-vindo(a) ao Portal do Hospital S\u00e3o Francisco de Americana! Inicialmente, agradecemos muito a sua visita! Saiba que quando voc\u00ea ingressa em nosso portal, voc\u00ea nos confia seus dados e informa\u00e7\u00f5es. Nos comprometemos a manter essa confian\u00e7a.\u00a0 Nosso Aviso de Privacidade\u00a0 explicar\u00e1 a voc\u00ea, de forma clara [&hellip;]\" \/>\n<meta property=\"og:url\" content=\"https:\/\/hsfamericana.com.br\/index.php\/politica-de-privacidade-2\/\" \/>\n<meta property=\"og:site_name\" content=\"Hospital S\u00e3o Francisco de Americana\" \/>\n<meta name=\"twitter:label1\" content=\"Est. tempo de leitura\" \/>\n\t<meta name=\"twitter:data1\" content=\"8 minutos\" \/>\n<script type=\"application\/ld+json\" class=\"yoast-schema-graph\">{\"@context\":\"https:\/\/schema.org\",\"@graph\":[{\"@type\":\"WebPage\",\"@id\":\"https:\/\/hsfamericana.com.br\/index.php\/politica-de-privacidade-2\/\",\"url\":\"https:\/\/hsfamericana.com.br\/index.php\/politica-de-privacidade-2\/\",\"name\":\"AVISO DE PRIVACIDADE &#8226; Hospital S\u00e3o Francisco de Americana\",\"isPartOf\":{\"@id\":\"https:\/\/hsfamericana.com.br\/#website\"},\"datePublished\":\"2021-08-02T00:07:57+00:00\",\"breadcrumb\":{\"@id\":\"https:\/\/hsfamericana.com.br\/index.php\/politica-de-privacidade-2\/#breadcrumb\"},\"inLanguage\":\"pt-BR\",\"potentialAction\":[{\"@type\":\"ReadAction\",\"target\":[\"https:\/\/hsfamericana.com.br\/index.php\/politica-de-privacidade-2\/\"]}]},{\"@type\":\"BreadcrumbList\",\"@id\":\"https:\/\/hsfamericana.com.br\/index.php\/politica-de-privacidade-2\/#breadcrumb\",\"itemListElement\":[{\"@type\":\"ListItem\",\"position\":1,\"name\":\"In\u00edcio\",\"item\":\"https:\/\/hsfamericana.com.br\/\"},{\"@type\":\"ListItem\",\"position\":2,\"name\":\"AVISO DE PRIVACIDADE\"}]},{\"@type\":\"WebSite\",\"@id\":\"https:\/\/hsfamericana.com.br\/#website\",\"url\":\"https:\/\/hsfamericana.com.br\/\",\"name\":\"Hospital S\u00e3o Francisco de Americana\",\"description\":\"O mais completo da regi\u00e3o de Campinas\",\"potentialAction\":[{\"@type\":\"SearchAction\",\"target\":{\"@type\":\"EntryPoint\",\"urlTemplate\":\"https:\/\/hsfamericana.com.br\/?s={search_term_string}\"},\"query-input\":{\"@type\":\"PropertyValueSpecification\",\"valueRequired\":true,\"valueName\":\"search_term_string\"}}],\"inLanguage\":\"pt-BR\"}]}<\/script>\n<!-- \/ Yoast SEO plugin. -->","yoast_head_json":{"title":"AVISO DE PRIVACIDADE &#8226; Hospital S\u00e3o Francisco de Americana","robots":{"index":"index","follow":"follow","max-snippet":"max-snippet:-1","max-image-preview":"max-image-preview:large","max-video-preview":"max-video-preview:-1"},"canonical":"https:\/\/hsfamericana.com.br\/index.php\/politica-de-privacidade-2\/","og_locale":"pt_BR","og_type":"article","og_title":"AVISO DE PRIVACIDADE &#8226; Hospital S\u00e3o Francisco de Americana","og_description":"[vc_row][vc_column][vc_column_text] \u00daltima Atualiza\u00e7\u00e3o:\u00a022 de Novembro de 2022 Ol\u00e1! Seja Bem-vindo(a) ao Portal do Hospital S\u00e3o Francisco de Americana! Inicialmente, agradecemos muito a sua visita! Saiba que quando voc\u00ea ingressa em nosso portal, voc\u00ea nos confia seus dados e informa\u00e7\u00f5es. Nos comprometemos a manter essa confian\u00e7a.\u00a0 Nosso Aviso de Privacidade\u00a0 explicar\u00e1 a voc\u00ea, de forma clara [&hellip;]","og_url":"https:\/\/hsfamericana.com.br\/index.php\/politica-de-privacidade-2\/","og_site_name":"Hospital S\u00e3o Francisco de Americana","twitter_misc":{"Est. tempo de leitura":"8 minutos"},"schema":{"@context":"https:\/\/schema.org","@graph":[{"@type":"WebPage","@id":"https:\/\/hsfamericana.com.br\/index.php\/politica-de-privacidade-2\/","url":"https:\/\/hsfamericana.com.br\/index.php\/politica-de-privacidade-2\/","name":"AVISO DE PRIVACIDADE &#8226; Hospital S\u00e3o Francisco de Americana","isPartOf":{"@id":"https:\/\/hsfamericana.com.br\/#website"},"datePublished":"2021-08-02T00:07:57+00:00","breadcrumb":{"@id":"https:\/\/hsfamericana.com.br\/index.php\/politica-de-privacidade-2\/#breadcrumb"},"inLanguage":"pt-BR","potentialAction":[{"@type":"ReadAction","target":["https:\/\/hsfamericana.com.br\/index.php\/politica-de-privacidade-2\/"]}]},{"@type":"BreadcrumbList","@id":"https:\/\/hsfamericana.com.br\/index.php\/politica-de-privacidade-2\/#breadcrumb","itemListElement":[{"@type":"ListItem","position":1,"name":"In\u00edcio","item":"https:\/\/hsfamericana.com.br\/"},{"@type":"ListItem","position":2,"name":"AVISO DE PRIVACIDADE"}]},{"@type":"WebSite","@id":"https:\/\/hsfamericana.com.br\/#website","url":"https:\/\/hsfamericana.com.br\/","name":"Hospital S\u00e3o Francisco de Americana","description":"O mais completo da regi\u00e3o de Campinas","potentialAction":[{"@type":"SearchAction","target":{"@type":"EntryPoint","urlTemplate":"https:\/\/hsfamericana.com.br\/?s={search_term_string}"},"query-input":{"@type":"PropertyValueSpecification","valueRequired":true,"valueName":"search_term_string"}}],"inLanguage":"pt-BR"}]}},"_links":{"self":[{"href":"https:\/\/hsfamericana.com.br\/index.php\/wp-json\/wp\/v2\/pages\/4430","targetHints":{"allow":["GET"]}}],"collection":[{"href":"https:\/\/hsfamericana.com.br\/index.php\/wp-json\/wp\/v2\/pages"}],"about":[{"href":"https:\/\/hsfamericana.com.br\/index.php\/wp-json\/wp\/v2\/types\/page"}],"author":[{"embeddable":true,"href":"https:\/\/hsfamericana.com.br\/index.php\/wp-json\/wp\/v2\/users\/4"}],"replies":[{"embeddable":true,"href":"https:\/\/hsfamericana.com.br\/index.php\/wp-json\/wp\/v2\/comments?post=4430"}],"version-history":[{"count":0,"href":"https:\/\/hsfamericana.com.br\/index.php\/wp-json\/wp\/v2\/pages\/4430\/revisions"}],"wp:attachment":[{"href":"https:\/\/hsfamericana.com.br\/index.php\/wp-json\/wp\/v2\/media?parent=4430"}],"curies":[{"name":"wp","href":"https:\/\/api.w.org\/{rel}","templated":true}]}}