{"id":4985,"date":"2024-05-06T22:38:35","date_gmt":"2024-05-06T22:38:35","guid":{"rendered":"https:\/\/www.hsfamericana.com.br\/?page_id=4985"},"modified":"2024-05-06T22:39:08","modified_gmt":"2024-05-06T22:39:08","slug":"teste","status":"publish","type":"page","link":"https:\/\/hsfamericana.com.br\/index.php\/teste\/","title":{"rendered":"teste"},"content":{"rendered":"<div class=\"dnd-accordion\" data-expanded=\"0\">\n\n\t\t<h3>COMO FA\u00c7O PARA DOAR SANGUE?<\/h3>\n\t\t<div class=\"dnd-accordion-body\">\n\t\t\t\n<ul>\n<li>N\u00e3o fumar 1 hora antes;<\/li>\n<li>N\u00e3o consumir bebidas alco\u00f3licas por pelo menos 12 horas antes da doa\u00e7\u00e3o;<\/li>\n<li>Pesar acima de 50 kg;<\/li>\n<li>Evitar alimentos gordurosos 3 horas antes da doa\u00e7\u00e3o;<\/li>\n<li>Trazer RG ou documento oficial com foto<\/li>\n<\/ul>\n\n\t\t<\/div>\n<\/div>\n","protected":false},"excerpt":{"rendered":"COMO FA\u00c7O PARA DOAR SANGUE? N\u00e3o fumar 1 hora antes; N\u00e3o consumir bebidas alco\u00f3licas por pelo menos 12 horas antes da doa\u00e7\u00e3o; Pesar acima de 50 kg; Evitar alimentos gordurosos 3 horas antes da doa\u00e7\u00e3o; Trazer RG ou documento oficial com foto","protected":false},"author":2,"featured_media":0,"parent":0,"menu_order":0,"comment_status":"closed","ping_status":"closed","template":"padrao.php","meta":{"_acf_changed":false,"footnotes":""},"class_list":["post-4985","page","type-page","status-publish","hentry"],"acf":[],"yoast_head":"<!-- This site is optimized with the Yoast SEO plugin v25.2 - https:\/\/yoast.com\/wordpress\/plugins\/seo\/ -->\n<title>teste &#8226; Hospital S\u00e3o Francisco de Americana<\/title>\n<meta name=\"robots\" content=\"index, follow, max-snippet:-1, max-image-preview:large, max-video-preview:-1\" \/>\n<link rel=\"canonical\" href=\"https:\/\/hsfamericana.com.br\/index.php\/teste\/\" \/>\n<meta property=\"og:locale\" content=\"pt_BR\" \/>\n<meta property=\"og:type\" content=\"article\" \/>\n<meta property=\"og:title\" content=\"teste &#8226; Hospital S\u00e3o Francisco de Americana\" \/>\n<meta property=\"og:url\" content=\"https:\/\/hsfamericana.com.br\/index.php\/teste\/\" \/>\n<meta property=\"og:site_name\" content=\"Hospital S\u00e3o Francisco de Americana\" \/>\n<meta property=\"article:modified_time\" content=\"2024-05-06T22:39:08+00:00\" \/>\n<script type=\"application\/ld+json\" class=\"yoast-schema-graph\">{\"@context\":\"https:\/\/schema.org\",\"@graph\":[{\"@type\":\"WebPage\",\"@id\":\"https:\/\/hsfamericana.com.br\/index.php\/teste\/\",\"url\":\"https:\/\/hsfamericana.com.br\/index.php\/teste\/\",\"name\":\"teste &#8226; Hospital S\u00e3o Francisco de Americana\",\"isPartOf\":{\"@id\":\"https:\/\/hsfamericana.com.br\/#website\"},\"datePublished\":\"2024-05-06T22:38:35+00:00\",\"dateModified\":\"2024-05-06T22:39:08+00:00\",\"breadcrumb\":{\"@id\":\"https:\/\/hsfamericana.com.br\/index.php\/teste\/#breadcrumb\"},\"inLanguage\":\"pt-BR\",\"potentialAction\":[{\"@type\":\"ReadAction\",\"target\":[\"https:\/\/hsfamericana.com.br\/index.php\/teste\/\"]}]},{\"@type\":\"BreadcrumbList\",\"@id\":\"https:\/\/hsfamericana.com.br\/index.php\/teste\/#breadcrumb\",\"itemListElement\":[{\"@type\":\"ListItem\",\"position\":1,\"name\":\"In\u00edcio\",\"item\":\"https:\/\/hsfamericana.com.br\/\"},{\"@type\":\"ListItem\",\"position\":2,\"name\":\"teste\"}]},{\"@type\":\"WebSite\",\"@id\":\"https:\/\/hsfamericana.com.br\/#website\",\"url\":\"https:\/\/hsfamericana.com.br\/\",\"name\":\"Hospital S\u00e3o Francisco de Americana\",\"description\":\"O mais completo da regi\u00e3o de Campinas\",\"potentialAction\":[{\"@type\":\"SearchAction\",\"target\":{\"@type\":\"EntryPoint\",\"urlTemplate\":\"https:\/\/hsfamericana.com.br\/?s={search_term_string}\"},\"query-input\":{\"@type\":\"PropertyValueSpecification\",\"valueRequired\":true,\"valueName\":\"search_term_string\"}}],\"inLanguage\":\"pt-BR\"}]}<\/script>\n<!-- \/ Yoast SEO plugin. -->","yoast_head_json":{"title":"teste &#8226; Hospital S\u00e3o Francisco de Americana","robots":{"index":"index","follow":"follow","max-snippet":"max-snippet:-1","max-image-preview":"max-image-preview:large","max-video-preview":"max-video-preview:-1"},"canonical":"https:\/\/hsfamericana.com.br\/index.php\/teste\/","og_locale":"pt_BR","og_type":"article","og_title":"teste &#8226; Hospital S\u00e3o Francisco de Americana","og_url":"https:\/\/hsfamericana.com.br\/index.php\/teste\/","og_site_name":"Hospital S\u00e3o Francisco de Americana","article_modified_time":"2024-05-06T22:39:08+00:00","schema":{"@context":"https:\/\/schema.org","@graph":[{"@type":"WebPage","@id":"https:\/\/hsfamericana.com.br\/index.php\/teste\/","url":"https:\/\/hsfamericana.com.br\/index.php\/teste\/","name":"teste &#8226; Hospital S\u00e3o Francisco de Americana","isPartOf":{"@id":"https:\/\/hsfamericana.com.br\/#website"},"datePublished":"2024-05-06T22:38:35+00:00","dateModified":"2024-05-06T22:39:08+00:00","breadcrumb":{"@id":"https:\/\/hsfamericana.com.br\/index.php\/teste\/#breadcrumb"},"inLanguage":"pt-BR","potentialAction":[{"@type":"ReadAction","target":["https:\/\/hsfamericana.com.br\/index.php\/teste\/"]}]},{"@type":"BreadcrumbList","@id":"https:\/\/hsfamericana.com.br\/index.php\/teste\/#breadcrumb","itemListElement":[{"@type":"ListItem","position":1,"name":"In\u00edcio","item":"https:\/\/hsfamericana.com.br\/"},{"@type":"ListItem","position":2,"name":"teste"}]},{"@type":"WebSite","@id":"https:\/\/hsfamericana.com.br\/#website","url":"https:\/\/hsfamericana.com.br\/","name":"Hospital S\u00e3o Francisco de Americana","description":"O mais completo da regi\u00e3o de Campinas","potentialAction":[{"@type":"SearchAction","target":{"@type":"EntryPoint","urlTemplate":"https:\/\/hsfamericana.com.br\/?s={search_term_string}"},"query-input":{"@type":"PropertyValueSpecification","valueRequired":true,"valueName":"search_term_string"}}],"inLanguage":"pt-BR"}]}},"_links":{"self":[{"href":"https:\/\/hsfamericana.com.br\/index.php\/wp-json\/wp\/v2\/pages\/4985","targetHints":{"allow":["GET"]}}],"collection":[{"href":"https:\/\/hsfamericana.com.br\/index.php\/wp-json\/wp\/v2\/pages"}],"about":[{"href":"https:\/\/hsfamericana.com.br\/index.php\/wp-json\/wp\/v2\/types\/page"}],"author":[{"embeddable":true,"href":"https:\/\/hsfamericana.com.br\/index.php\/wp-json\/wp\/v2\/users\/2"}],"replies":[{"embeddable":true,"href":"https:\/\/hsfamericana.com.br\/index.php\/wp-json\/wp\/v2\/comments?post=4985"}],"version-history":[{"count":2,"href":"https:\/\/hsfamericana.com.br\/index.php\/wp-json\/wp\/v2\/pages\/4985\/revisions"}],"predecessor-version":[{"id":4995,"href":"https:\/\/hsfamericana.com.br\/index.php\/wp-json\/wp\/v2\/pages\/4985\/revisions\/4995"}],"wp:attachment":[{"href":"https:\/\/hsfamericana.com.br\/index.php\/wp-json\/wp\/v2\/media?parent=4985"}],"curies":[{"name":"wp","href":"https:\/\/api.w.org\/{rel}","templated":true}]}}