{"id":72,"date":"2014-09-09T12:45:14","date_gmt":"2014-09-09T12:45:14","guid":{"rendered":"http:\/\/www.hsfamericana.com.br\/?page_id=72"},"modified":"2024-05-14T12:44:36","modified_gmt":"2024-05-14T12:44:36","slug":"duvidas-e-sugestoes","status":"publish","type":"page","link":"https:\/\/hsfamericana.com.br\/index.php\/duvidas-e-sugestoes\/","title":{"rendered":"D\u00favidas e sugest\u00f5es"},"content":{"rendered":"<h2 style=\"font-size: 25px;\"><strong style=\"color: #0072bc;\">Para d\u00favidas e sugest\u00f5es, n\u00e3o hesite! Entre em contato conosco, ser\u00e1 um prazer lhe atender.<\/strong><\/h2>\n<p>&nbsp;<\/p>\n<section class=\"dnd_section_dd \" style=\"\">\n\t\t\n\t\t<div class=\"dnd_section_content\"><div class=\"dnd_container\">\n<div class=\"dnd_column_dd_span6 col6 last\">\n\n<div class=\"wpcf7 no-js\" id=\"wpcf7-f71-o1\" lang=\"pt-BR\" dir=\"ltr\" data-wpcf7-id=\"71\">\n<div class=\"screen-reader-response\"><p role=\"status\" aria-live=\"polite\" aria-atomic=\"true\"><\/p> <ul><\/ul><\/div>\n<form action=\"\/index.php\/wp-json\/wp\/v2\/pages\/72#wpcf7-f71-o1\" method=\"post\" class=\"wpcf7-form init\" aria-label=\"Formul\u00e1rios de contato\" novalidate=\"novalidate\" data-status=\"init\">\n<div style=\"display: none;\">\n<input type=\"hidden\" name=\"_wpcf7\" value=\"71\" \/>\n<input type=\"hidden\" name=\"_wpcf7_version\" value=\"6.0.6\" \/>\n<input type=\"hidden\" name=\"_wpcf7_locale\" value=\"pt_BR\" \/>\n<input type=\"hidden\" name=\"_wpcf7_unit_tag\" value=\"wpcf7-f71-o1\" \/>\n<input type=\"hidden\" name=\"_wpcf7_container_post\" value=\"0\" \/>\n<input type=\"hidden\" name=\"_wpcf7_posted_data_hash\" value=\"\" \/>\n<\/div>\n<p>Seu nome (obrigat\u00f3rio)\n<\/p>\n<p><span class=\"wpcf7-form-control-wrap\" data-name=\"your-name\"><input size=\"40\" maxlength=\"400\" class=\"wpcf7-form-control wpcf7-text wpcf7-validates-as-required tudo\" aria-required=\"true\" aria-invalid=\"false\" value=\"\" type=\"text\" name=\"your-name\" \/><\/span>\n<\/p>\n<p>Seu e-mail (obrigat\u00f3rio)\n<\/p>\n<p><span class=\"wpcf7-form-control-wrap\" data-name=\"your-email\"><input size=\"40\" maxlength=\"400\" class=\"wpcf7-form-control wpcf7-email wpcf7-validates-as-required wpcf7-text wpcf7-validates-as-email tudo\" aria-required=\"true\" aria-invalid=\"false\" value=\"\" type=\"email\" name=\"your-email\" \/><\/span>\n<\/p>\n<p>Telefone (obrigat\u00f3rio)\n<\/p>\n<p><span class=\"wpcf7-form-control-wrap\" data-name=\"telefone\"><input size=\"40\" maxlength=\"400\" class=\"wpcf7-form-control wpcf7-text wpcf7-validates-as-required tel tudo\" aria-required=\"true\" aria-invalid=\"false\" value=\"\" type=\"text\" name=\"telefone\" \/><\/span>\n<\/p>\n<p>Sou\n<\/p>\n<p><span class=\"wpcf7-form-control-wrap\" data-name=\"checkbox-736\"><span class=\"wpcf7-form-control wpcf7-checkbox wpcf7-exclusive-checkbox teste\"><span class=\"wpcf7-list-item first\"><label><input type=\"checkbox\" name=\"checkbox-736\" value=\"Paciente\" \/><span class=\"wpcf7-list-item-label\">Paciente<\/span><\/label><\/span><span class=\"wpcf7-list-item\"><label><input type=\"checkbox\" name=\"checkbox-736\" value=\"Acompanhante ou Visitante\" \/><span class=\"wpcf7-list-item-label\">Acompanhante ou Visitante<\/span><\/label><\/span><span class=\"wpcf7-list-item last\"><label><input type=\"checkbox\" name=\"checkbox-736\" value=\"Outros\" \/><span class=\"wpcf7-list-item-label\">Outros<\/span><\/label><\/span><\/span><\/span>\n<\/p>\n<p>Assunto\n<\/p>\n<p><span class=\"wpcf7-form-control-wrap\" data-name=\"menu-560\"><select class=\"wpcf7-form-control wpcf7-select funcao\" aria-invalid=\"false\" name=\"menu-560\"><option value=\"D\u00favidas\">D\u00favidas<\/option><option value=\"Sugest\u00f5es\">Sugest\u00f5es<\/option><option value=\"Ouvidoria\">Ouvidoria<\/option><\/select><\/span>\n<\/p>\n<p>Sua mensagem\n<\/p>\n<p><span class=\"wpcf7-form-control-wrap\" data-name=\"your-message\"><textarea cols=\"40\" rows=\"10\" maxlength=\"2000\" class=\"wpcf7-form-control wpcf7-textarea msg\" aria-invalid=\"false\" name=\"your-message\"><\/textarea><\/span>\n<\/p>\n<p><br \/>\n<span class=\"wpcf7-form-control-wrap\" data-name=\"acceptance\"><span class=\"wpcf7-form-control wpcf7-acceptance\"><span class=\"wpcf7-list-item\"><input type=\"checkbox\" name=\"acceptance\" value=\"1\" aria-invalid=\"false\" \/><\/span><\/span><\/span> Nosso website faz uso de cookies para personalizar e melhorar a sua experi\u00eancia. Para mais informa\u00e7\u00f5es, acesse nossa <a href=https:\/\/www.hsfamericana.com.br\/index.php\/politica-de-privacidade\/ target=_blank>Aviso de Privacidade.<\/a> Ao continuar navegando, voc\u00ea consente com a utiliza\u00e7\u00e3o de cookies e com o nosso Aviso de Privacidade.\n<\/p>\n<p>[recaptcha]\n<\/p>\n<p><input class=\"wpcf7-form-control wpcf7-submit has-spinner btn\" type=\"submit\" value=\"Enviar\" \/>\n<\/p><div class=\"wpcf7-response-output\" aria-hidden=\"true\"><\/div>\n<\/form>\n<\/div>\n\n<\/div>\n<div class=\"dnd_column_dd_span6 col6\">\n<h2><span style=\"color: #0072bc;\">Hospital S\u00e3o Francisco<\/span><\/h2>\n<p>Pra\u00e7a Francisco Matarazzo, 60 \u2022 Vila Gallo \u2022 CEP 13.466-319 \u2022\u00a0Americana \u2022 SP<\/p>\n<p>PABX: (19) 3475-9900<\/p>\n<p>&nbsp;<\/p>\n<div id=\"dnd_google_map_1\" \n\t\tdata-map_type=\"ROADMAP\" \n\t\tdata-lat=\"-22.7467648\" \n\t\tdata-lng=\"-47.3296509\" \n\t\tdata-zoom=\"17\" \n\t\tdata-scrollwheel=\"0\" \n\t\tdata-maptypecontrol=\"1\" \n\t\tdata-pancontrol=\"1\" \n\t\tdata-zoomcontrol=\"1\" \n\t\tdata-scalecontrol=\"1\" \n\t\tdata-markertitle=\"Hospital S\u00e3o Francisco\" \n\t\tdata-markericon=\"\" \n\t\tdata-markercontent=\"R. Duque de Caxias, 128, Americana - SP, 13466-320\" \n\t\tdata-markerlat=\"-22.7467648\" \n\t\tdata-markerlng=\"-47.3296509\" \n\t class=\"dnd_google_map\" style=\"height:250px;width:100%;\"><\/div>\n<div class=\"dnd-accordion\" data-expanded=\"0\">\n\n\t\t<h3>1) Como fa\u00e7o para ser doador de sangue? <\/h3>\n\t\t<div class=\"dnd-accordion-body\">\n\t\t\t\n<p>N\u00e3o fumar 1 hora antes.<br \/>\nN\u00e3o consumir bebidas alco\u00f3licas por pelo menos 12 horas antes da doa\u00e7\u00e3o<br \/>\nPesar acima de 50kg<br \/>\nEvitar alimentos gordurosos 3 horas antes da doa\u00e7\u00e3o<br \/>\nTrazer RG ou documento oficial com foto<\/p>\n<p>De Segunda a Sexta-feira, das 7h30 \u00e0s 12h30<br \/>\n(S\u00e1bados, consulte disponibilidade via WhatsApp)<\/p>\n<p>Endere\u00e7o: Pra\u00e7a Francisco Matarazzo, 60 &#8211; Vila Galo, Americana &#8211; SP, 1366-240<\/li>\n<\/ul>\n\n\t\t<\/div>\n\n\t\t<h3>2 ) Onde solicito c\u00f3pia do meu prontu\u00e1rio de atendimento? <\/h3>\n\t\t<div class=\"dnd-accordion-body\">\n\t\t\t\n<p>A c\u00f3pia do atendimento m\u00e9dico, sendo internado ou de pronto-socorro, pode ser solicitada pessoalmente em nosso setor SAME, por telefone (19) 3475-9900, ramal 2072, ou pelo WhatsApp (19) 99630-0385, para mais informa\u00e7\u00f5es sobre os crit\u00e9rios de retirada, entre em contato pelos canais mencionados.<\/p>\n\n\t\t<\/div>\n\n\t\t<h3>3) Curso para gestantes<\/h3>\n\t\t<div class=\"dnd-accordion-body\">\n\t\t\t\n<p>Contamos com um curso especifico para auxiliar as gestantes e seus companheiros nesse momento t\u00e3o importante, os assuntos abordados est\u00e3o relacionados ao p\u00e9 parto, parto, p\u00f3s parto e cuidados com o rec\u00e9m-nascido. Os agendamentos s\u00e3o realizados pelo telefone (19) 3475-9930.<\/p>\n\n\t\t<\/div>\n<\/div>\n<h2><span style=\"color: #0072bc;\">Ouvidoria<\/span><\/h2>\n<p>Entre em contato com a ouvidoria do Hospital S\u00e3o Francisco. D\u00favidas e sugest\u00f5es s\u00e3o sempre bem-vindas para a nossa evolu\u00e7\u00e3o: <a href=\"mailto:atendimento@hsfamericana.com.br\">atendimento@hsfamericana.com.br<\/a><\/p>\n<\/div>\n<\/div><\/div>\n\t\t\n\t\t\n\t<\/section>\n","protected":false},"excerpt":{"rendered":"<p>Para d\u00favidas e sugest\u00f5es, n\u00e3o hesite! Entre em contato conosco, ser\u00e1 um prazer lhe atender. &nbsp;<\/p>\n","protected":false},"author":2,"featured_media":0,"parent":0,"menu_order":0,"comment_status":"open","ping_status":"open","template":"padrao.php","meta":{"_acf_changed":false,"footnotes":""},"class_list":["post-72","page","type-page","status-publish","hentry"],"acf":[],"yoast_head":"<!-- This site is optimized with the Yoast SEO plugin v25.2 - https:\/\/yoast.com\/wordpress\/plugins\/seo\/ -->\n<title>D\u00favidas e sugest\u00f5es \u2022 Hospital S\u00e3o Francisco<\/title>\n<meta name=\"description\" content=\"D\u00favidas e sugest\u00f5es \u2022 Hospital S\u00e3o Francisco, HSF Americana, Hospital Americana, Americana, Hospital S\u00e3o Francisco, Banco de Sangue, Urologia, T\u00f3rax...\" \/>\n<meta name=\"robots\" content=\"index, follow, max-snippet:-1, max-image-preview:large, max-video-preview:-1\" \/>\n<link rel=\"canonical\" href=\"https:\/\/hsfamericana.com.br\/index.php\/duvidas-e-sugestoes\/\" \/>\n<meta property=\"og:locale\" content=\"pt_BR\" \/>\n<meta property=\"og:type\" content=\"article\" \/>\n<meta property=\"og:title\" content=\"D\u00favidas e sugest\u00f5es \u2022 Hospital S\u00e3o Francisco\" \/>\n<meta property=\"og:description\" content=\"D\u00favidas e sugest\u00f5es \u2022 Hospital S\u00e3o Francisco, HSF Americana, Hospital Americana, Americana, Hospital S\u00e3o Francisco, Banco de Sangue, Urologia, T\u00f3rax...\" \/>\n<meta property=\"og:url\" content=\"https:\/\/hsfamericana.com.br\/index.php\/duvidas-e-sugestoes\/\" \/>\n<meta property=\"og:site_name\" content=\"Hospital S\u00e3o Francisco de Americana\" \/>\n<meta property=\"article:modified_time\" content=\"2024-05-14T12:44:36+00:00\" \/>\n<meta name=\"twitter:label1\" content=\"Est. tempo de leitura\" \/>\n\t<meta name=\"twitter:data1\" content=\"2 minutos\" \/>\n<script type=\"application\/ld+json\" class=\"yoast-schema-graph\">{\"@context\":\"https:\/\/schema.org\",\"@graph\":[{\"@type\":\"WebPage\",\"@id\":\"https:\/\/hsfamericana.com.br\/index.php\/duvidas-e-sugestoes\/\",\"url\":\"https:\/\/hsfamericana.com.br\/index.php\/duvidas-e-sugestoes\/\",\"name\":\"D\u00favidas e sugest\u00f5es \u2022 Hospital S\u00e3o Francisco\",\"isPartOf\":{\"@id\":\"https:\/\/hsfamericana.com.br\/#website\"},\"datePublished\":\"2014-09-09T12:45:14+00:00\",\"dateModified\":\"2024-05-14T12:44:36+00:00\",\"description\":\"D\u00favidas e sugest\u00f5es \u2022 Hospital S\u00e3o Francisco, HSF Americana, Hospital Americana, Americana, Hospital S\u00e3o Francisco, Banco de Sangue, Urologia, T\u00f3rax...\",\"breadcrumb\":{\"@id\":\"https:\/\/hsfamericana.com.br\/index.php\/duvidas-e-sugestoes\/#breadcrumb\"},\"inLanguage\":\"pt-BR\",\"potentialAction\":[{\"@type\":\"ReadAction\",\"target\":[\"https:\/\/hsfamericana.com.br\/index.php\/duvidas-e-sugestoes\/\"]}]},{\"@type\":\"BreadcrumbList\",\"@id\":\"https:\/\/hsfamericana.com.br\/index.php\/duvidas-e-sugestoes\/#breadcrumb\",\"itemListElement\":[{\"@type\":\"ListItem\",\"position\":1,\"name\":\"In\u00edcio\",\"item\":\"https:\/\/hsfamericana.com.br\/\"},{\"@type\":\"ListItem\",\"position\":2,\"name\":\"D\u00favidas e sugest\u00f5es\"}]},{\"@type\":\"WebSite\",\"@id\":\"https:\/\/hsfamericana.com.br\/#website\",\"url\":\"https:\/\/hsfamericana.com.br\/\",\"name\":\"Hospital S\u00e3o Francisco de Americana\",\"description\":\"O mais completo da regi\u00e3o de Campinas\",\"potentialAction\":[{\"@type\":\"SearchAction\",\"target\":{\"@type\":\"EntryPoint\",\"urlTemplate\":\"https:\/\/hsfamericana.com.br\/?s={search_term_string}\"},\"query-input\":{\"@type\":\"PropertyValueSpecification\",\"valueRequired\":true,\"valueName\":\"search_term_string\"}}],\"inLanguage\":\"pt-BR\"}]}<\/script>\n<!-- \/ Yoast SEO plugin. -->","yoast_head_json":{"title":"D\u00favidas e sugest\u00f5es \u2022 Hospital S\u00e3o Francisco","description":"D\u00favidas e sugest\u00f5es \u2022 Hospital S\u00e3o Francisco, HSF Americana, Hospital Americana, Americana, Hospital S\u00e3o Francisco, Banco de Sangue, Urologia, T\u00f3rax...","robots":{"index":"index","follow":"follow","max-snippet":"max-snippet:-1","max-image-preview":"max-image-preview:large","max-video-preview":"max-video-preview:-1"},"canonical":"https:\/\/hsfamericana.com.br\/index.php\/duvidas-e-sugestoes\/","og_locale":"pt_BR","og_type":"article","og_title":"D\u00favidas e sugest\u00f5es \u2022 Hospital S\u00e3o Francisco","og_description":"D\u00favidas e sugest\u00f5es \u2022 Hospital S\u00e3o Francisco, HSF Americana, Hospital Americana, Americana, Hospital S\u00e3o Francisco, Banco de Sangue, Urologia, T\u00f3rax...","og_url":"https:\/\/hsfamericana.com.br\/index.php\/duvidas-e-sugestoes\/","og_site_name":"Hospital S\u00e3o Francisco de Americana","article_modified_time":"2024-05-14T12:44:36+00:00","twitter_misc":{"Est. tempo de leitura":"2 minutos"},"schema":{"@context":"https:\/\/schema.org","@graph":[{"@type":"WebPage","@id":"https:\/\/hsfamericana.com.br\/index.php\/duvidas-e-sugestoes\/","url":"https:\/\/hsfamericana.com.br\/index.php\/duvidas-e-sugestoes\/","name":"D\u00favidas e sugest\u00f5es \u2022 Hospital S\u00e3o Francisco","isPartOf":{"@id":"https:\/\/hsfamericana.com.br\/#website"},"datePublished":"2014-09-09T12:45:14+00:00","dateModified":"2024-05-14T12:44:36+00:00","description":"D\u00favidas e sugest\u00f5es \u2022 Hospital S\u00e3o Francisco, HSF Americana, Hospital Americana, Americana, Hospital S\u00e3o Francisco, Banco de Sangue, Urologia, T\u00f3rax...","breadcrumb":{"@id":"https:\/\/hsfamericana.com.br\/index.php\/duvidas-e-sugestoes\/#breadcrumb"},"inLanguage":"pt-BR","potentialAction":[{"@type":"ReadAction","target":["https:\/\/hsfamericana.com.br\/index.php\/duvidas-e-sugestoes\/"]}]},{"@type":"BreadcrumbList","@id":"https:\/\/hsfamericana.com.br\/index.php\/duvidas-e-sugestoes\/#breadcrumb","itemListElement":[{"@type":"ListItem","position":1,"name":"In\u00edcio","item":"https:\/\/hsfamericana.com.br\/"},{"@type":"ListItem","position":2,"name":"D\u00favidas e sugest\u00f5es"}]},{"@type":"WebSite","@id":"https:\/\/hsfamericana.com.br\/#website","url":"https:\/\/hsfamericana.com.br\/","name":"Hospital S\u00e3o Francisco de Americana","description":"O mais completo da regi\u00e3o de Campinas","potentialAction":[{"@type":"SearchAction","target":{"@type":"EntryPoint","urlTemplate":"https:\/\/hsfamericana.com.br\/?s={search_term_string}"},"query-input":{"@type":"PropertyValueSpecification","valueRequired":true,"valueName":"search_term_string"}}],"inLanguage":"pt-BR"}]}},"_links":{"self":[{"href":"https:\/\/hsfamericana.com.br\/index.php\/wp-json\/wp\/v2\/pages\/72","targetHints":{"allow":["GET"]}}],"collection":[{"href":"https:\/\/hsfamericana.com.br\/index.php\/wp-json\/wp\/v2\/pages"}],"about":[{"href":"https:\/\/hsfamericana.com.br\/index.php\/wp-json\/wp\/v2\/types\/page"}],"author":[{"embeddable":true,"href":"https:\/\/hsfamericana.com.br\/index.php\/wp-json\/wp\/v2\/users\/2"}],"replies":[{"embeddable":true,"href":"https:\/\/hsfamericana.com.br\/index.php\/wp-json\/wp\/v2\/comments?post=72"}],"version-history":[{"count":88,"href":"https:\/\/hsfamericana.com.br\/index.php\/wp-json\/wp\/v2\/pages\/72\/revisions"}],"predecessor-version":[{"id":5034,"href":"https:\/\/hsfamericana.com.br\/index.php\/wp-json\/wp\/v2\/pages\/72\/revisions\/5034"}],"wp:attachment":[{"href":"https:\/\/hsfamericana.com.br\/index.php\/wp-json\/wp\/v2\/media?parent=72"}],"curies":[{"name":"wp","href":"https:\/\/api.w.org\/{rel}","templated":true}]}}