{"id":724,"date":"2014-09-19T22:51:35","date_gmt":"2014-09-19T22:51:35","guid":{"rendered":"http:\/\/hsfamericana.com.br\/?page_id=724"},"modified":"2017-11-28T16:45:37","modified_gmt":"2017-11-28T16:45:37","slug":"corpo-clinico","status":"publish","type":"page","link":"https:\/\/hsfamericana.com.br\/index.php\/corpo-clinico\/","title":{"rendered":"Corpo Cl\u00ednico"},"content":{"rendered":"<div style=\"display: none;\">especialidades<\/div>\n","protected":false},"excerpt":{"rendered":"<p>especialidades<\/p>\n","protected":false},"author":2,"featured_media":0,"parent":0,"menu_order":0,"comment_status":"open","ping_status":"open","template":"especialidade.php","meta":{"_acf_changed":false,"footnotes":""},"class_list":["post-724","page","type-page","status-publish","hentry"],"acf":[],"yoast_head":"<!-- This site is optimized with the Yoast SEO plugin v25.2 - https:\/\/yoast.com\/wordpress\/plugins\/seo\/ -->\n<title>Especialidades \u2022 Hospital S\u00e3o Francisco<\/title>\n<meta name=\"description\" content=\"Especialidades \u2022 Hospital S\u00e3o Francisco, HSF Americana, Hospital Americana, Americana, Hospital S\u00e3o Francisco, Banco de Sangue, Urologia, T\u00f3rax, Pulm\u00e3o.\" \/>\n<meta name=\"robots\" content=\"index, follow, max-snippet:-1, max-image-preview:large, max-video-preview:-1\" \/>\n<link rel=\"canonical\" href=\"https:\/\/hsfamericana.com.br\/index.php\/corpo-clinico\/\" \/>\n<meta property=\"og:locale\" content=\"pt_BR\" \/>\n<meta property=\"og:type\" content=\"article\" \/>\n<meta property=\"og:title\" content=\"Especialidades \u2022 Hospital S\u00e3o Francisco\" \/>\n<meta property=\"og:description\" content=\"Especialidades \u2022 Hospital S\u00e3o Francisco, HSF Americana, Hospital Americana, Americana, Hospital S\u00e3o Francisco, Banco de Sangue, Urologia, T\u00f3rax, Pulm\u00e3o.\" \/>\n<meta property=\"og:url\" content=\"https:\/\/hsfamericana.com.br\/index.php\/corpo-clinico\/\" \/>\n<meta property=\"og:site_name\" content=\"Hospital S\u00e3o Francisco de Americana\" \/>\n<meta property=\"article:modified_time\" content=\"2017-11-28T16:45:37+00:00\" \/>\n<script type=\"application\/ld+json\" class=\"yoast-schema-graph\">{\"@context\":\"https:\/\/schema.org\",\"@graph\":[{\"@type\":\"WebPage\",\"@id\":\"https:\/\/hsfamericana.com.br\/index.php\/corpo-clinico\/\",\"url\":\"https:\/\/hsfamericana.com.br\/index.php\/corpo-clinico\/\",\"name\":\"Especialidades \u2022 Hospital S\u00e3o Francisco\",\"isPartOf\":{\"@id\":\"https:\/\/hsfamericana.com.br\/#website\"},\"datePublished\":\"2014-09-19T22:51:35+00:00\",\"dateModified\":\"2017-11-28T16:45:37+00:00\",\"description\":\"Especialidades \u2022 Hospital S\u00e3o Francisco, HSF Americana, Hospital Americana, Americana, Hospital S\u00e3o Francisco, Banco de Sangue, Urologia, T\u00f3rax, Pulm\u00e3o.\",\"breadcrumb\":{\"@id\":\"https:\/\/hsfamericana.com.br\/index.php\/corpo-clinico\/#breadcrumb\"},\"inLanguage\":\"pt-BR\",\"potentialAction\":[{\"@type\":\"ReadAction\",\"target\":[\"https:\/\/hsfamericana.com.br\/index.php\/corpo-clinico\/\"]}]},{\"@type\":\"BreadcrumbList\",\"@id\":\"https:\/\/hsfamericana.com.br\/index.php\/corpo-clinico\/#breadcrumb\",\"itemListElement\":[{\"@type\":\"ListItem\",\"position\":1,\"name\":\"In\u00edcio\",\"item\":\"https:\/\/hsfamericana.com.br\/\"},{\"@type\":\"ListItem\",\"position\":2,\"name\":\"Corpo Cl\u00ednico\"}]},{\"@type\":\"WebSite\",\"@id\":\"https:\/\/hsfamericana.com.br\/#website\",\"url\":\"https:\/\/hsfamericana.com.br\/\",\"name\":\"Hospital S\u00e3o Francisco de Americana\",\"description\":\"O mais completo da regi\u00e3o de Campinas\",\"potentialAction\":[{\"@type\":\"SearchAction\",\"target\":{\"@type\":\"EntryPoint\",\"urlTemplate\":\"https:\/\/hsfamericana.com.br\/?s={search_term_string}\"},\"query-input\":{\"@type\":\"PropertyValueSpecification\",\"valueRequired\":true,\"valueName\":\"search_term_string\"}}],\"inLanguage\":\"pt-BR\"}]}<\/script>\n<!-- \/ Yoast SEO plugin. -->","yoast_head_json":{"title":"Especialidades \u2022 Hospital S\u00e3o Francisco","description":"Especialidades \u2022 Hospital S\u00e3o Francisco, HSF Americana, Hospital Americana, Americana, Hospital S\u00e3o Francisco, Banco de Sangue, Urologia, T\u00f3rax, Pulm\u00e3o.","robots":{"index":"index","follow":"follow","max-snippet":"max-snippet:-1","max-image-preview":"max-image-preview:large","max-video-preview":"max-video-preview:-1"},"canonical":"https:\/\/hsfamericana.com.br\/index.php\/corpo-clinico\/","og_locale":"pt_BR","og_type":"article","og_title":"Especialidades \u2022 Hospital S\u00e3o Francisco","og_description":"Especialidades \u2022 Hospital S\u00e3o Francisco, HSF Americana, Hospital Americana, Americana, Hospital S\u00e3o Francisco, Banco de Sangue, Urologia, T\u00f3rax, Pulm\u00e3o.","og_url":"https:\/\/hsfamericana.com.br\/index.php\/corpo-clinico\/","og_site_name":"Hospital S\u00e3o Francisco de Americana","article_modified_time":"2017-11-28T16:45:37+00:00","schema":{"@context":"https:\/\/schema.org","@graph":[{"@type":"WebPage","@id":"https:\/\/hsfamericana.com.br\/index.php\/corpo-clinico\/","url":"https:\/\/hsfamericana.com.br\/index.php\/corpo-clinico\/","name":"Especialidades \u2022 Hospital S\u00e3o Francisco","isPartOf":{"@id":"https:\/\/hsfamericana.com.br\/#website"},"datePublished":"2014-09-19T22:51:35+00:00","dateModified":"2017-11-28T16:45:37+00:00","description":"Especialidades \u2022 Hospital S\u00e3o Francisco, HSF Americana, Hospital Americana, Americana, Hospital S\u00e3o Francisco, Banco de Sangue, Urologia, T\u00f3rax, Pulm\u00e3o.","breadcrumb":{"@id":"https:\/\/hsfamericana.com.br\/index.php\/corpo-clinico\/#breadcrumb"},"inLanguage":"pt-BR","potentialAction":[{"@type":"ReadAction","target":["https:\/\/hsfamericana.com.br\/index.php\/corpo-clinico\/"]}]},{"@type":"BreadcrumbList","@id":"https:\/\/hsfamericana.com.br\/index.php\/corpo-clinico\/#breadcrumb","itemListElement":[{"@type":"ListItem","position":1,"name":"In\u00edcio","item":"https:\/\/hsfamericana.com.br\/"},{"@type":"ListItem","position":2,"name":"Corpo Cl\u00ednico"}]},{"@type":"WebSite","@id":"https:\/\/hsfamericana.com.br\/#website","url":"https:\/\/hsfamericana.com.br\/","name":"Hospital S\u00e3o Francisco de Americana","description":"O mais completo da regi\u00e3o de Campinas","potentialAction":[{"@type":"SearchAction","target":{"@type":"EntryPoint","urlTemplate":"https:\/\/hsfamericana.com.br\/?s={search_term_string}"},"query-input":{"@type":"PropertyValueSpecification","valueRequired":true,"valueName":"search_term_string"}}],"inLanguage":"pt-BR"}]}},"_links":{"self":[{"href":"https:\/\/hsfamericana.com.br\/index.php\/wp-json\/wp\/v2\/pages\/724","targetHints":{"allow":["GET"]}}],"collection":[{"href":"https:\/\/hsfamericana.com.br\/index.php\/wp-json\/wp\/v2\/pages"}],"about":[{"href":"https:\/\/hsfamericana.com.br\/index.php\/wp-json\/wp\/v2\/types\/page"}],"author":[{"embeddable":true,"href":"https:\/\/hsfamericana.com.br\/index.php\/wp-json\/wp\/v2\/users\/2"}],"replies":[{"embeddable":true,"href":"https:\/\/hsfamericana.com.br\/index.php\/wp-json\/wp\/v2\/comments?post=724"}],"version-history":[{"count":7,"href":"https:\/\/hsfamericana.com.br\/index.php\/wp-json\/wp\/v2\/pages\/724\/revisions"}],"predecessor-version":[{"id":2235,"href":"https:\/\/hsfamericana.com.br\/index.php\/wp-json\/wp\/v2\/pages\/724\/revisions\/2235"}],"wp:attachment":[{"href":"https:\/\/hsfamericana.com.br\/index.php\/wp-json\/wp\/v2\/media?parent=724"}],"curies":[{"name":"wp","href":"https:\/\/api.w.org\/{rel}","templated":true}]}}